
{"id":587,"date":"2017-05-08T13:38:11","date_gmt":"2017-05-08T11:38:11","guid":{"rendered":"https:\/\/przedszkole5.edu.wroclaw.pl\/?page_id=587"},"modified":"2026-03-28T17:32:08","modified_gmt":"2026-03-28T16:32:08","slug":"podziekowania","status":"publish","type":"page","link":"https:\/\/przedszkole5.edu.wroclaw.pl\/index.php\/dla-opiekunow\/podziekowania\/","title":{"rendered":"Podzi\u0119kowania"},"content":{"rendered":"<div class=\"wpb-content-wrapper\"><p>[vc_row][vc_column][vc_column_text css=&#8221;&#8221;]<\/p>\n<p style=\"text-align: left\" align=\"right\"><span style=\"font-family: georgia, palatino;font-size: 12pt\"><em>\u201eWeseli si\u0119 serce, gdy daje i sob\u0105 si\u0119 dzieli&#8221; <\/em><\/span><br \/>\n<span style=\"font-family: georgia, palatino;font-size: 12pt\">Leopold Staff<\/span><\/p>\n<p><span style=\"font-family: georgia, palatino;font-size: 12pt\">Pragniemy bardzo serdecznie podzi\u0119kowa\u0107 Pa\u0144stwu za pomoc i wsparcie w\u00a0naszych dzia\u0142aniach: tych codziennych i\u00a0tych zwi\u0105zanych z organizacj\u0105 wi\u0119kszych przedsi\u0119wzi\u0119\u0107. Ka\u017cda forma zaanga\u017cowania ze strony Pa\u0144stwa jest mile widziana, poniewa\u017c uatrakcyjnia pobyt dzieci oraz wp\u0142ywa na polepszenie warunk\u00f3w funkcjonowania plac\u00f3wki.<\/span><\/p>\n<div><span style=\"font-family: georgia, palatino;font-size: 12pt\"><strong>Grupa 1<\/strong><\/span><\/div>\n<div><\/div>\n<div><span style=\"font-family: georgia, palatino;font-size: 12pt\">Serdecznie dzi\u0119kujemy:<\/span><\/div>\n<ul>\n<li><span style=\"font-family: georgia, palatino;font-size: 12pt\">Mamie Tomka za papier ksero<\/span><\/li>\n<li><span style=\"font-family: georgia, palatino;font-size: 12pt\">Tacie Uli za kserowanie kolorowanek\u00a0 dla dzieci<\/span><\/li>\n<li><span style=\"font-family: georgia, palatino;font-size: 12pt\">Rodzicom Feliksa za przyniesienie zabawek na grup\u0119<\/span><\/li>\n<li><span style=\"font-family: 'andale mono', times;font-size: 14pt\">Tacie Oliwki za kolorowanki dla dzieci<\/span><\/li>\n<li><span style=\"font-size: 14pt\">Mamie Marty za uk\u0142adanki i gry<\/span><\/li>\n<li><span style=\"font-family: georgia, palatino;font-size: 14pt\">Tacie Uli za wydruk plakatu<\/span><\/li>\n<li><span style=\"font-family: georgia, palatino;font-size: 14pt\">Mamie Nikity za szyszki do stroik\u00f3w i dekoracji na choink\u0119<\/span><\/li>\n<li><span style=\"font-family: georgia, palatino;font-size: 14pt\">Mamie Feliksa za s\u0142oiczki<\/span><\/li>\n<li><span style=\"font-family: georgia, palatino;font-size: 14pt\">Mamie Hani za s\u0142oiczki<\/span><\/li>\n<li><span style=\"font-family: georgia, palatino;font-size: 14pt\">Mamie Feliksa za artyku\u0142y plastyczne i drewniane dekoracje<\/span><\/li>\n<li><span style=\"font-family: georgia, palatino;font-size: 14pt\">Mamie Nikity za bombki i \u015bwiate\u0142ka na choink\u0119<\/span><\/li>\n<li><span style=\"font-family: georgia, palatino;font-size: 14pt\">Mamie Feliksa za dekoracje na choink\u0119<\/span><\/li>\n<li><span style=\"font-family: georgia, palatino;font-size: 14pt\">Mamie Marceliny za orzechy<\/span><\/li>\n<li><span style=\"font-family: georgia, palatino;font-size: 14pt\">Mamie Kuby za gwiazdki na kiermasz<\/span><\/li>\n<li><span style=\"font-family: georgia, palatino;font-size: 14pt\">Mamie Emila za koraliki na choink\u0119<\/span><\/li>\n<\/ul>\n<div>\n<p>&nbsp;<\/p>\n<\/div>\n<p><span style=\"font-family: georgia, palatino;font-size: 12pt\"><strong>Grupa 2<\/strong><\/span><\/p>\n<p><span style=\"font-family: georgia, palatino;font-size: 12pt\">Serdecznie dzi\u0119kujemy:<\/span><\/p>\n<p>&nbsp;<\/p>\n<p>&nbsp;<\/p>\n<p><span style=\"font-family: georgia, palatino;font-size: 12pt\"><strong>Grupa 3<\/strong><\/span><\/p>\n<p><span style=\"font-family: georgia, palatino;font-size: 12pt\">Serdecznie dzi\u0119kujemy:<\/span><\/p>\n<ul>\n<li>\n<div class=\"gs\">\n<div class=\"\">\n<div id=\":1p3\" class=\"ii gt\">\n<div id=\":1p4\" class=\"a3s aiL\">\n<div id=\"avWBGd-266\">\n<div><span style=\"font-family: georgia, palatino;font-size: 12pt\">\u00a0Rodzicom Mai za przyniesie tor\u00f3w i poci\u0105g\u00f3w do wsp\u00f3lnej zabawy\u00a0<\/span><\/div>\n<div><span style=\"font-family: georgia, palatino;font-size: 12pt\">Rodzicom Zosia za przyniesie lalek Barbie i ma\u0142ych laleczek i kreatywnego zestawu wielkanocneg<\/span><\/div>\n<div><span style=\"font-family: georgia, palatino;font-size: 12pt\">Rodzicom Ziemka za kolorowanki, kt\u00f3re umil\u0105 czas w przedszkolu\u00a0<\/span><\/div>\n<\/div>\n<\/div>\n<\/div>\n<\/div>\n<\/div>\n<\/li>\n<li>\n<div><span style=\"font-size: 12pt;font-family: georgia, palatino\">Rodzicom Tymka za dyplomy z okazji Dnia Ch\u0142opaka i Dziewczynki\u00a0 oraz konkursowe\u00a0<\/span><\/div>\n<\/li>\n<li>\n<div><span style=\"font-size: 12pt;font-family: georgia, palatino\">Rodzicom Zachara za kwiatki <\/span><\/div>\n<\/li>\n<li>\n<div><span style=\"font-family: georgia, palatino;font-size: 12pt\">Rodzicom W\u0142adka za szablony, kt\u00f3re umilaj\u0105 czas wolny dzieciom<\/span><\/div>\n<\/li>\n<li>\n<div><span style=\"font-family: georgia, palatino;font-size: 12pt\">Mamie Nikodema za kwiatka do naszej sali<\/span><\/div>\n<\/li>\n<li><span style=\"font-family: georgia, palatino;font-size: 12pt\">Rodzicom Zachara za przyniesienie kwiatka do naszej sali<\/span><\/li>\n<li><span style=\"font-family: georgia, palatino;font-size: 12pt\">Mamie Zosi za przeczytanie dzieciom pi\u0119knej ksi\u0105\u017ceczki.<\/span><\/li>\n<li><span style=\"font-family: georgia, palatino;font-size: 12pt\">Rodzicom \u0141ucji za konika Pony i gara\u017c<\/span><\/li>\n<li><span style=\"font-family: georgia, palatino;font-size: 12pt\">Rodzicom W\u0142adka za przyniesienie piasku kinetycznego, kt\u00f3ry umili nam zaj\u0119cia i swobodn\u0105 zabaw\u0119.<\/span><\/li>\n<li><span style=\"font-family: georgia, palatino;font-size: 12pt\">Rodzicom Laury za przyniesienie ma\u0142ych laleczek.<\/span><\/li>\n<li><span style=\"font-family: georgia, palatino;font-size: 12pt\">Rodzicom Tymka za przyniesienia gara\u017cu z autkami.<\/span><\/li>\n<li><span style=\"font-family: georgia, palatino;font-size: 12pt\">Rodzicom Ma\u0107ka za przyniesienie suchych i wilgotnych chusteczek higienicznych oraz foremek do foremek do ciastoliny.<\/span><\/li>\n<\/ul>\n<p>&nbsp;<\/p>\n<p><span style=\"font-family: georgia, palatino;font-size: 12pt\"><strong>Grupa 4<\/strong><\/span><\/p>\n<p><span style=\"font-size: 12pt;font-family: georgia, palatino\">Serdecznie dzi\u0119kujemy:<\/span><\/p>\n<ul>\n<li><span style=\"font-family: georgia, palatino;font-size: 12pt\">Wszystkim Rodzicom za przyniesione chusteczki<\/span><\/li>\n<li><span style=\"font-family: georgia, palatino;font-size: 12pt\">Rodzicom: Michalinki i Kai za przyniesienie ryzy papieru<\/span><\/li>\n<li><span style=\"font-family: georgia, palatino;font-size: 12pt\">Mamie Kai za zaproszenie na fantastyczne warsztaty plastyczne do swojej pracowni<\/span><\/li>\n<li><span style=\"font-family: georgia, palatino;font-size: 12pt\">Mamie Dominika za gry, puzzle oraz figurki zwierz\u0105t <\/span><\/li>\n<li><span style=\"font-family: georgia, palatino;font-size: 12pt\">Mamie Piotrusia za mokry papier toaletowy<\/span><\/li>\n<li><span style=\"font-family: georgia, palatino;font-size: 12pt\">Tacie Kuby M. za materia\u0142y plastyczne<\/span><\/li>\n<li><span style=\"font-family: georgia, palatino;font-size: 12pt\">Mamie Miko\u0142aja za chusteczki suche i mokre<\/span><\/li>\n<li><span style=\"font-family: georgia, palatino;font-size: 12pt\">Mamie Henia za chusteczki suche i mokre<\/span><\/li>\n<li><span style=\"font-family: georgia, palatino;font-size: 12pt\">Tacie Oskara za kredki, plastelin\u0119, flamastry oraz chusteczki<\/span><\/li>\n<li><span style=\"font-family: georgia, palatino;font-size: 12pt\">Mamie Lizy za materia\u0142y plastyczne<\/span><\/li>\n<li><span style=\"font-family: georgia, palatino;font-size: 12pt\">Mamie Dominika za chusteczki i gry<\/span><\/li>\n<li><span style=\"font-family: georgia, palatino;font-size: 12pt\">Tacie Tymka za papier ksero oraz kleje<\/span><\/li>\n<li><span style=\"font-family: georgia, palatino;font-size: 12pt\">Mamie Marka za o\u0142\u00f3wki Jumo<\/span><\/li>\n<\/ul>\n<p>&nbsp;<\/p>\n<p><span style=\"font-family: georgia, palatino;font-size: 12pt\"><strong>Grupa 5 <\/strong><\/span><\/p>\n<p><span style=\"font-family: georgia, palatino;font-size: 12pt\">Serdecznie dzi\u0119kujemy:<\/span><\/p>\n<ul>\n<li><span style=\"font-family: georgia, palatino;font-size: 12pt\">Mamie Julki W. za podarowanie kolorowanek<\/span><\/li>\n<li>\n<div dir=\"auto\"><span style=\"font-family: georgia, palatino;font-size: 12pt\">Mamie Miko\u0142aja za przybli\u017cenie postaci \u017cubra Pompika podczas czytania ksi\u0105\u017cki o jego przygodach<\/span><\/div>\n<\/li>\n<li>\n<div dir=\"auto\"><span style=\"font-family: georgia, palatino;font-size: 12pt\">Mateuszowi-bratu Miko\u0142aja za po\u015bwi\u0119cony czas i przeczytanie ksi\u0105\u017cki\u00a0<\/span><\/div>\n<\/li>\n<li>\n<div dir=\"auto\"><span style=\"font-family: georgia, palatino;font-size: 12pt\">Zosi-siostrze Lilki za umilenie czasu po zupce- czytaniem ksi\u0105\u017cki &#8222;Tata Oli&#8221;<\/span><\/div>\n<\/li>\n<li>\n<div dir=\"auto\"><span style=\"font-family: georgia, palatino;font-size: 12pt\">Mamie i Babci Elizy za podarowanie wst\u0105\u017ceczek<\/span><\/div>\n<\/li>\n<li>\n<div dir=\"auto\"><span style=\"font-family: georgia, palatino;font-size: 12pt\">Rodzicom Micha\u0142a O. za przyniesienie du\u017cej ilo\u015bci kartek do rysowania<\/span><\/div>\n<\/li>\n<li>\n<div dir=\"auto\"><span style=\"font-family: georgia, palatino;font-size: 12pt\">Wszystkim Rodzicom,kt\u00f3rzy przynie\u015bli chusteczki\u00a0<\/span><\/div>\n<\/li>\n<li>\n<div dir=\"auto\"><span style=\"font-size: 12pt;font-family: georgia, palatino\">Babci Jasia N. za podarowanie kolorowych kartek, pomponik\u00f3w, drucik\u00f3w kreatywnych oraz bibu\u0142y<\/span><\/div>\n<\/li>\n<li>\n<div dir=\"auto\"><span style=\"font-size: 12pt;font-family: georgia, palatino\">Mamie i Siostrze Lilki oraz Mamie Kuby za po\u015bwi\u0119cony czas, wprowadzenie \u015bwi\u0105tecznego nastroju przy wsp\u00f3lnym dekorowaniu pierniczk\u00f3w oraz wsp\u00f3lnych zabawach<\/span><\/div>\n<\/li>\n<li>\n<div dir=\"auto\"><span style=\"font-size: 12pt;font-family: georgia, palatino\">Mamie Adasia za plastikowe pojemniczki<\/span><\/div>\n<\/li>\n<li>\n<div dir=\"auto\"><span style=\"font-size: 12pt;font-family: georgia, palatino\">Mamie Julki Ch. za umilenie nam poobiedniego odpoczynku- przeczytanie ksi\u0105\u017cki w ramach akcji &#8222;Ca\u0142y Wroc\u0142aw czyta dzieciom&#8221;<\/span><\/div>\n<\/li>\n<li>\n<div dir=\"auto\"><span style=\"font-size: 12pt;font-family: georgia, palatino\">Pani Ani za przyniesienie du\u017cej ilo\u015bci gumek recepturek do naszych skarpetkowych skrzat\u00f3w<\/span><\/div>\n<\/li>\n<li>\n<div dir=\"auto\"><span style=\"font-size: 12pt;font-family: georgia, palatino\">Mamie Michaliny za podarowanie \u015bwi\u0105tecznych materia\u0142\u00f3w plastycznych<\/span><\/div>\n<\/li>\n<li>\n<div dir=\"auto\"><span style=\"font-family: georgia, palatino;font-size: 12pt\">Mamie Leny i Kaliny za ubranka oraz dodatki dla naszych lalek Barbie<\/span><\/div>\n<\/li>\n<li><span style=\"font-size: 12pt;font-family: georgia, palatino\">Mamie Miko\u0142aja za drewniane tory<\/span><\/li>\n<li>\n<div><span style=\"font-size: 12pt;font-family: georgia, palatino\">Rodzicom Michaliny za podarowanie pi\u00f3rek i pomponik\u00f3w, kt\u00f3re pos\u0142u\u017c\u0105 nam do pracach plastycznych.<\/span><\/div>\n<\/li>\n<li>\n<div><span style=\"font-family: georgia, palatino;font-size: 12pt\">Mamie Liliany za przyniesienie makaronu, kt\u00f3ry wykorzystamy w akcji &#8221; S\u0142oik dobrych zachowa\u0144&#8221;<\/span><\/div>\n<\/li>\n<li>\n<div><span style=\"font-family: georgia, palatino;font-size: 12pt\">Mamie Julki W. za podarowanie bajkowych plasterk\u00f3w, rurek do zabaw oraz produkt\u00f3w do zabaw sensorycznych\u00a0<\/span><\/div>\n<\/li>\n<li><span style=\"font-family: georgia, palatino;font-size: 12pt\">Mamie Michaliny za podarowanie drucik\u00f3w kreatywnych i ozdobnego papieru.<\/span><\/li>\n<li><span style=\"font-family: georgia, palatino;font-size: 12pt\">Rodzicom Julki Ch.\u00a0za zaproszenie nas na dzia\u0142k\u0119, ciekawostki\u00a0o ro\u015blinach i pyszne jab\u0142uszka<\/span><\/li>\n<li><span style=\"font-family: georgia, palatino;font-size: 12pt\">Mamie Julki Ch. za podarowanie ksi\u0105\u017ceczek do naszego k\u0105cika czytelniczego<\/span><\/li>\n<li><span style=\"font-family: georgia, palatino;font-size: 12pt\">Mamie Lilki za podarowanie wspania\u0142ych sukienek i dodatk\u00f3w dla naszych lalek<\/span><\/li>\n<li><span style=\"font-family: georgia, palatino;font-size: 12pt\">Mamie Tobiasza za puzzle<\/span><\/li>\n<li>\n<div><span style=\"font-family: georgia, palatino;font-size: 12pt\">Rodzicom Elizy za papier ksero i kartki do rysowania<\/span><\/div>\n<\/li>\n<li>\n<div><span style=\"font-family: georgia, palatino;font-size: 12pt\">Rodzicom Michaliny za papier ksero<\/span><\/div>\n<\/li>\n<li><span style=\"font-family: georgia, palatino;font-size: 12pt\">Mamie Julki za gry, puzzle i inne zabawki, kt\u00f3re umil\u0105 dzieciom czas w przedszkolu<\/span><\/li>\n<li>\n<div dir=\"auto\"><span style=\"font-family: georgia, palatino;font-size: 12pt\">Mamie i Siostrze Lilki za po\u015bwi\u0119cenie czasu i przeprowadzenie\u00a0 zaj\u0119\u0107 &#8222;Robimy zdrowy sok&#8221;<\/span><\/div>\n<\/li>\n<li>\n<div dir=\"auto\"><span style=\"font-family: georgia, palatino;font-size: 12pt\">Mamie Dorotki za podarowanie drewnianych klock\u00f3w oraz puzzli<\/span><\/div>\n<\/li>\n<li>\n<div dir=\"auto\"><span style=\"font-family: georgia, palatino;font-size: 12pt\">Rodzicom Elizy za regularne dostawy kartek do rysowania<\/span><\/div>\n<\/li>\n<li>\n<div dir=\"auto\"><span style=\"font-family: georgia, palatino;font-size: 12pt\">Rodzicom i Dzieciom za dostarczenie materia\u0142\u00f3w przyrodniczych (kasztany, li\u015bcie, \u017co\u0142\u0119dzie, itp.), kt\u00f3re zosta\u0142y wykorzystane do stworzenia \u015bcie\u017cki sensorycznej i podczas zaj\u0119\u0107 matematyczno-przyrodniczych<\/span><\/div>\n<\/li>\n<li>\n<div dir=\"auto\"><span style=\"font-family: georgia, palatino;font-size: 12pt\">Mamie Michaliny za bibu\u0142\u0119<\/span><\/div>\n<\/li>\n<li>\n<div dir=\"auto\"><span style=\"font-family: georgia, palatino;font-size: 12pt\">Pani Natalii G.-pedagog za podarowanie makaronu do naszego s\u0142oika Dobrych Zachowa\u0144<\/span><\/div>\n<\/li>\n<li><span style=\"font-family: georgia, palatino;font-size: 12pt\">Babci Jasia N. za przyj\u0119cie zaproszenia, po\u015bwi\u0119cony czas i wyg\u0142oszenie prelekcji na temat zdrowia<\/span><\/li>\n<li><span style=\"font-family: georgia, palatino;font-size: 12pt\">Mamie Michaliny za dostarczenie do przedszkola kolorowej bibu\u0142y.<\/span><\/li>\n<li>\n<div><span style=\"font-size: 12pt;font-family: georgia, palatino\">Mamie Liliany za dostarczenie kartek do rysowania.<\/span><\/div>\n<\/li>\n<li>\n<div><span style=\"font-size: 12pt;font-family: georgia, palatino\">Rodzicom Franka za podarowanie klock\u00f3w, kt\u00f3re umil\u0105 nam swobodn\u0105 zabaw\u0119.<\/span><\/div>\n<\/li>\n<li>\n<div><span style=\"font-size: 12pt;font-family: georgia, palatino\">Mamie Tobiasza za przyniesienie makaronu.<\/span><\/div>\n<\/li>\n<li><span style=\"font-size: 12pt;font-family: georgia, palatino\">Tacie Michaliny za przyniesienie karmy dla ptak\u00f3w.<\/span><\/li>\n<\/ul>\n<p>&nbsp;<\/p>\n<p>&nbsp;<\/p>\n<p><span style=\"font-family: georgia, palatino;font-size: 12pt\"><strong>Grupa 6<\/strong><\/span><\/p>\n<p><span style=\"font-family: georgia, palatino;font-size: 12pt\">Serdecznie dzi\u0119kujemy:<\/span><\/p>\n<ul>\n<li><span style=\"font-family: georgia, palatino;font-size: 12pt\"><span class=\"a_GcMg font-feature-liga-off font-feature-clig-off font-feature-calt-off text-decoration-none text-strikethrough-none\">Dziadka Stasia <\/span><span class=\"a_GcMg font-feature-liga-off font-feature-clig-off font-feature-calt-off text-decoration-none text-strikethrough-none\">za ugoszczenie nas w swojej pracowni stolarskiej, ciekawe opowiadanie i pokaz narz\u0119dzi stolarza, prezentacj\u0119 obr\u00f3bki drewna, wykonanie karmnik\u00f3w do przedszkolnego ogrodu oraz wykonanie i podarowanie dla nas drewnianych \u015bwiecznik\u00f3w<\/span><\/span><\/li>\n<li><span style=\"font-family: georgia, palatino;font-size: 12pt\">Cioci Stefana pracownikowi Karkonoskiego Parku Narodowego za przes\u0142ane materia\u0142y dotycz\u0105cego tego parku<\/span><\/li>\n<li><span style=\"font-family: georgia, palatino;font-size: 12pt\">Mamie Kacpra, Mamie Franka P., Mamie Micha\u0142a i Dawida za popo\u0142udniowe czytanie dzieciom ksi\u0105\u017cek<\/span><\/li>\n<li><span style=\"font-family: georgia, palatino;font-size: 12pt\">Rodzicom Ewy za zarezerwowanie\u00a0 i ufundowanie seansu\u00a0 w kinie &#8222;\u015awi\u0119ta z Astrid Lingred&#8221;<\/span><\/li>\n<li><span style=\"font-family: georgia, palatino;font-size: 12pt\">Rodzicom Micha\u0142a i Dawida za przeprowadzone warsztaty tworzenia Bo\u017conarodzeniowych kartek i pokazanie swojej pracowni<\/span><\/li>\n<li><span style=\"font-family: georgia, palatino;font-size: 12pt\">Mamie Julii K. za kolorowe wydruki na warsztaty Andrzejkowe<\/span><\/li>\n<li><span style=\"font-family: georgia, palatino;font-size: 12pt\">Tacie Halinki za zawiezienie prac konkursowych do przedszkola 123<\/span><\/li>\n<li><span style=\"font-family: georgia, palatino;font-size: 12pt\">Tacie Halinki\u00a0 za podarowanie du\u017cego lustra w ramie<\/span><\/li>\n<li><span style=\"font-family: georgia, palatino;font-size: 12pt\">Mamie Tadzia za prezentacj\u0119 w\u0142asnego zawodu &#8211; okulisty<\/span><\/li>\n<li><span style=\"font-family: georgia, palatino;font-size: 12pt\">Wszystkim rodzicom za zakupienie nowej choinki do grupy<\/span><\/li>\n<li><span style=\"font-family: georgia, palatino;font-size: 12pt\">Mamie Micha\u0142a i Dawida za przeprowadzone warsztaty r\u0119kodzie\u0142a &#8222;Zimowe miasteczko&#8221;<\/span><\/li>\n<li><span style=\"font-size: 12pt;font-family: georgia, palatino\"><span class=\"a_GcMg font-feature-liga-off font-feature-clig-off font-feature-calt-off text-decoration-none text-strikethrough-none\">Krzysiowi -bratu Julii K., absolwentowi naszego przedszkola za przeczytanie ksi\u0105\u017cki<\/span> <span class=\"a_GcMg font-feature-liga-off font-feature-clig-off font-feature-calt-off text-decoration-none text-strikethrough-none\">z serii \u017bubr Pompik<\/span><\/span><\/li>\n<li><span style=\"font-size: 12pt;font-family: georgia, palatino\"><span class=\"a_GcMg font-feature-liga-off font-feature-clig-off font-feature-calt-off text-decoration-none text-strikethrough-none\"><span class=\"a_GcMg font-feature-liga-off font-feature-clig-off font-feature-calt-off text-decoration-none text-strikethrough-none\">Tacie Micha\u0142a i Dawida za przeczytanie ksi\u0105\u017cki <\/span><\/span>\u017bubr Pompik &#8211; Jesie\u0144<\/span><\/li>\n<li><span style=\"font-family: georgia, palatino;font-size: 12pt\">Rodzicom Antosi za przyniesienie wrzosu do k\u0105cika przyrodniczego<\/span><\/li>\n<li><span class=\"a_GcMg font-feature-liga-off font-feature-clig-off font-feature-calt-off text-decoration-none text-strikethrough-none\" style=\"font-family: georgia, palatino;font-size: 12pt\">Mamie Kacpra za kwiatki do k\u0105cika<\/span><\/li>\n<li><span class=\"a_GcMg font-feature-liga-off font-feature-clig-off font-feature-calt-off text-decoration-none text-strikethrough-none\" style=\"font-family: georgia, palatino;font-size: 12pt\">Tacie Antosi za dyni\u0119<\/span><\/li>\n<li><span style=\"font-family: georgia, palatino;font-size: 12pt\"><span class=\"a_GcMg font-feature-liga-off font-feature-clig-off font-feature-calt-off text-decoration-none text-strikethrough-none\">Mamie Huberta<\/span> <span class=\"a_GcMg font-feature-liga-off font-feature-clig-off font-feature-calt-off text-decoration-none text-strikethrough-none\">za kasztany<\/span><\/span><\/li>\n<li><span class=\"a_GcMg font-feature-liga-off font-feature-clig-off font-feature-calt-off text-decoration-none text-strikethrough-none\" style=\"font-family: georgia, palatino;font-size: 12pt\">Tacie Kacpra za kaszatany<\/span><\/li>\n<li><span style=\"font-family: georgia, palatino;font-size: 12pt\"><span class=\"a_GcMg font-feature-liga-off font-feature-clig-off font-feature-calt-off text-decoration-none text-strikethrough-none\">Mamie Stefana, Mamie Julii K., Tacie Nadii, Mamie Tadzia, Mamie Ignasia,<\/span>Tacie Bartka za zakup kostek do gry<\/span><\/li>\n<li><span class=\"a_GcMg font-feature-liga-off font-feature-clig-off font-feature-calt-off text-decoration-none text-strikethrough-none\" style=\"font-family: georgia, palatino;font-size: 12pt\">Mamie Julii K. za papier ksero<\/span><\/li>\n<li><span style=\"font-family: georgia, palatino;font-size: 12pt\">Mamie Natalki za odbi\u00f3r plakatu i naklejek z drukarni<\/span><\/li>\n<li><span style=\"font-family: georgia, palatino;font-size: 12pt\">Mamie Antka Ka. i Agatki za przyniesienie papieru ksero<\/span><\/li>\n<\/ul>\n<p>&nbsp;<\/p>\n<p><span style=\"font-family: georgia, palatino;font-size: 12pt\"><strong>Grupa 7<\/strong><\/span><\/p>\n<p><span style=\"font-family: georgia, palatino;font-size: 12pt\">Serdecznie dzi\u0119kujemy:<\/span><\/p>\n<div>\n<ul>\n<li>\n<div><span style=\"font-family: georgia, palatino;font-size: 12pt\">Rodzicom Helenki Sz. za podarowanie dzieciom zestawu klock\u00f3w Lego friends, ciastoliny, mozaikowej wyklejanki.\u00a0<\/span><\/div>\n<\/li>\n<li>\n<div><span style=\"font-family: georgia, palatino;font-size: 12pt\">Rodzicom Helenki Sz. za kupienie dziecim wody w trakcie awarii wodoci\u0105gowej<\/span><\/div>\n<\/li>\n<li>\n<div><span style=\"font-family: georgia, palatino;font-size: 12pt\">Rodzicom Liwi i Helenki Sz. za brokatowe kartki, elementy dekoracyjne, naklejki do<\/span><\/div>\n<div><span style=\"font-family: georgia, palatino;font-size: 12pt\">\u00a0 wykonania walentynek.<\/span><\/div>\n<\/li>\n<li>\n<div><span style=\"font-family: georgia, palatino;font-size: 12pt\">Pani Marcie B. podarowanie dzieciom plasteliny i farb do dzia\u0142a\u0144 plastycznych<\/span><\/div>\n<\/li>\n<li>\n<div><span style=\"font-family: georgia, palatino;font-size: 12pt\">Pani Patrycji podarowanie dzieciom du\u017cej ilo\u015bci autek, kt\u00f3rymi ch\u0142opcy bawi\u0105 si\u0119 codziennie.<\/span><\/div>\n<\/li>\n<li style=\"font-weight: 400\"><span style=\"font-family: georgia, palatino;font-size: 12pt\">Mamie Julii za wzi\u0119cie udzia\u0142u w akcji \u201eCa\u0142a Polska czyta dzieciom\u201d i g\u0142o\u015bne czytanie dzieciom<\/span><\/li>\n<li style=\"font-weight: 400\"><span style=\"font-family: georgia, palatino;font-size: 12pt\">Mamie Daniela za przekazanie koszulek foliowych<\/span><\/li>\n<li style=\"font-weight: 400\"><span style=\"font-family: georgia, palatino;font-size: 12pt\">Rodzicom B\u0142a\u017ceja za podarowanie zabawek<\/span><\/li>\n<li style=\"font-weight: 400\"><span style=\"font-family: georgia, palatino;font-size: 12pt\">Rodzicom Adasia za podarowanie dzieciom zestawu bokserskiego do \u0107wicze\u0144 refleksu i szybko\u015bci<\/span><\/li>\n<li style=\"font-weight: 400\"><span style=\"font-size: 12pt;font-family: georgia, palatino\">Mamie Helenki Dz. za kupienie dzieciom lewor\u0119cznym zeszytow do \u0107wicze\u0144 grafomotorycznych<\/span><\/li>\n<li style=\"font-weight: 400\"><span style=\"font-size: 12pt;font-family: georgia, palatino\">Mamie Juliusza za podarowanie kolorowanek<\/span><\/li>\n<li style=\"font-weight: 400\"><span style=\"font-size: 12pt;font-family: georgia, palatino\">Tacie Leona za sukcesywne dostarczanie papieru ksero, na kt\u00f3rym powstaj\u0105 karty pracy<\/span><\/li>\n<li style=\"font-weight: 400\"><span style=\"font-family: georgia, palatino;font-size: 12pt\">Mamie Helenki Sz. za po\u015bwi\u0119cony czas na przeczytanie bajki<\/span><\/li>\n<li style=\"font-weight: 400\"><span style=\"font-family: georgia, palatino;font-size: 12pt\">Tacie Leona za podarowanie papieru ksero i papieru do rysowania. Pos\u0142u\u017cy dzieciom do prac plastycznych i tworzenia kart pracy.<\/span><\/li>\n<li style=\"font-weight: 400\"><span style=\"font-family: georgia, palatino;font-size: 12pt\">Tacie Tymka za podarowanie dzieciom kawy do k\u0105cika Montessori.Dzieci miel\u0105 kaw\u0119 w m\u0142ynku r\u0119cznym i wzmacniaj\u0105 mi\u0119\u015bnie r\u0119ki potrzebne w trakcie pisania.<\/span><\/li>\n<\/ul>\n<\/div>\n<div><\/div>\n<div><\/div>\n<p>&nbsp;<\/p>\n<div class=\"adn ads\" data-message-id=\"#msg-f:1760197536319113948\" data-legacy-message-id=\"186d7a5556d18adc\">\n<div class=\"gs\">\n<div class=\"\">\n<div id=\":1ds\" class=\"ii gt\">\n<div id=\":1dr\" class=\"a3s aiL \">\n<p>&nbsp;<\/p>\n<\/div>\n<\/div>\n<\/div>\n<\/div>\n<\/div>\n<p>&nbsp;<\/p>\n<div>\n<div class=\"adL\"><\/div>\n<\/div>\n<p>[\/vc_column_text][\/vc_column][\/vc_row]<\/p>\n<\/div>","protected":false},"excerpt":{"rendered":"<p>[vc_row][vc_column][vc_column_text css=&#8221;&#8221;] \u201eWeseli si\u0119 serce, gdy daje i sob\u0105 si\u0119 dzieli&#8221; Leopold Staff Pragniemy bardzo serdecznie podzi\u0119kowa\u0107 Pa\u0144stwu za pomoc i wsparcie w\u00a0naszych dzia\u0142aniach: tych codziennych i\u00a0tych zwi\u0105zanych z organizacj\u0105 [&hellip;]<\/p>\n","protected":false},"author":15,"featured_media":0,"parent":33,"menu_order":0,"comment_status":"closed","ping_status":"closed","template":"","meta":{"ngg_post_thumbnail":0,"footnotes":""},"class_list":["post-587","page","type-page","status-publish","hentry","clearfix"],"_links":{"self":[{"href":"https:\/\/przedszkole5.edu.wroclaw.pl\/index.php\/wp-json\/wp\/v2\/pages\/587","targetHints":{"allow":["GET"]}}],"collection":[{"href":"https:\/\/przedszkole5.edu.wroclaw.pl\/index.php\/wp-json\/wp\/v2\/pages"}],"about":[{"href":"https:\/\/przedszkole5.edu.wroclaw.pl\/index.php\/wp-json\/wp\/v2\/types\/page"}],"author":[{"embeddable":true,"href":"https:\/\/przedszkole5.edu.wroclaw.pl\/index.php\/wp-json\/wp\/v2\/users\/15"}],"replies":[{"embeddable":true,"href":"https:\/\/przedszkole5.edu.wroclaw.pl\/index.php\/wp-json\/wp\/v2\/comments?post=587"}],"version-history":[{"count":236,"href":"https:\/\/przedszkole5.edu.wroclaw.pl\/index.php\/wp-json\/wp\/v2\/pages\/587\/revisions"}],"predecessor-version":[{"id":8588,"href":"https:\/\/przedszkole5.edu.wroclaw.pl\/index.php\/wp-json\/wp\/v2\/pages\/587\/revisions\/8588"}],"up":[{"embeddable":true,"href":"https:\/\/przedszkole5.edu.wroclaw.pl\/index.php\/wp-json\/wp\/v2\/pages\/33"}],"wp:attachment":[{"href":"https:\/\/przedszkole5.edu.wroclaw.pl\/index.php\/wp-json\/wp\/v2\/media?parent=587"}],"curies":[{"name":"wp","href":"https:\/\/api.w.org\/{rel}","templated":true}]}}