
{"id":440,"date":"2017-03-09T10:21:06","date_gmt":"2017-03-09T09:21:06","guid":{"rendered":"https:\/\/przedszkole5.edu.wroclaw.pl\/?page_id=440"},"modified":"2026-04-10T13:29:51","modified_gmt":"2026-04-10T11:29:51","slug":"galeria","status":"publish","type":"page","link":"https:\/\/przedszkole5.edu.wroclaw.pl\/index.php\/glowna-2\/galeria\/","title":{"rendered":"Galeria"},"content":{"rendered":"<div class=\"wpb-content-wrapper\"><p>[vc_row][vc_column][vc_empty_space][vc_tta_tour][vc_tta_section title=&#8221;Imprezy\/Uroczysto\u015bci\/Wycieczki&#8221; tab_id=&#8221;1633871946416-0f34b02f-db7b&#8221;][vc_gallery type=&#8221;image_grid&#8221; images=&#8221;8601,8602,8603,8604,8605&#8243; css=&#8221;&#8221; title=&#8221;Kapelusze Pani Wiosny&#8221;][vc_gallery type=&#8221;image_grid&#8221; images=&#8221;8426,8428,8430,8431,8432,8433,8434&#8243; css=&#8221;&#8221; title=&#8221;Prezentacja \u015bwi\u0105tecznego programu artystycznego &#8211; grudzie\u0144 2025&#8243;][vc_gallery type=&#8221;image_grid&#8221; images=&#8221;8418,8419,8420,8421,8422,8423,8401,8402,8407,8408,8409,8410,8416,8417&#8243; css=&#8221;&#8221; title=&#8221;Muzeum Bombki w Miliczu &#8211; grudzie\u0144 2025&#8243;][vc_gallery type=&#8221;image_grid&#8221; images=&#8221;8303,8315,8316,8314,8304,8305,8306,8311,8308,8312,8313,8322,8334,8332,8325,8342,8317,8318,8319,8320,8321,8323,8324,8326,8327,8328,8329,8331,8333,8335,8336,8337,8338,8339,8340,8341,8309,8343,8307,8344,8345,8346,8352,8353,8310,8330,8355,8356,8349,8357,8358,8360&#8243; css=&#8221;&#8221; title=&#8221;Andrzejki na Zamku w Hogwardzie &#8211; listopad 2025&#8243;][vc_gallery type=&#8221;image_grid&#8221; images=&#8221;8473&#8243; css=&#8221;&#8221; title=&#8221;Dzie\u0144 Niepodleg\u0142o\u015bci &#8211; listopad 2025&#8243;][vc_gallery type=&#8221;image_grid&#8221; images=&#8221;8264,8266,8268,8149,8150,8152,8154,8156,8164,8167,8169,8171,8174,8177,8178,8184,8186,8189,8191,8193,8195,8197,8198,8201,8203,8206,8211,8212,8217,8218,8221,8222,8225,8228,8235,8237,8246,8249,8253,8254,8258,8259&#8243; css=&#8221;&#8221; title=&#8221;Dom drzewa w Miliczu &#8211; warsztaty przyrodnicze &#8211; listopad 2025&#8243;][vc_gallery type=&#8221;image_grid&#8221; images=&#8221;8053,8055,8088,8086,8057,8059,8062,8143,8130,8136,8128,8067,8071,8072,8075,8080,8090,8092,8097,8099,8101,8105,8107,8109,8111,8116,8117,8120,8121,8124,8125&#8243; css=&#8221;&#8221; title=&#8221;Dzie\u0144 Ziemniaka\/wykopki w Chwalimierzu &#8211; pa\u017adziernik 2025&#8243;][vc_gallery type=&#8221;image_grid&#8221; images=&#8221;7998,7981,7991,7982,7983,7984,7985,7986,7996,7987,7988,7989,7990,7992,7993,7994,7995,7999,7997&#8243; css=&#8221;&#8221; title=&#8221;Mi\u0119dzypokoleniowe spotkanie w Klubie seniora Ku\u017aniki &#8211; pa\u017adziernik 2025&#8243;][vc_gallery type=&#8221;image_grid&#8221; images=&#8221;7968,7969,7948,7947,7946,7945,7940,7941,7942,7943,7944,7939,7938,7937,7936,7935,7934,7933,7932,7931,7930,7929,7924,7928,7927,7926,7925,7974,7972,7971,7970,7973&#8243; css=&#8221;&#8221; title=&#8221;Rodzinny konkurs &#8211; &#8222;Oryginalna dynia&#8222; &#8211; pa\u017adziernik 2025&#8243;][vc_gallery type=&#8221;image_grid&#8221; images=&#8221;7949,7950,7951,7952,7953,7954,7955,7956,7957,7958,7959,7960,7961,7962,7963,7964,7965,7966,7967&#8243; css=&#8221;&#8221; title=&#8221;Rodzinny konkurs &#8222;Jesienny lampion&#8222; &#8211; pa\u017adziernik 2025&#8243;][vc_gallery type=&#8221;image_grid&#8221; images=&#8221;8005,8006,8003,8004,8002&#8243; css=&#8221;&#8221; title=&#8221;Wycieczka do Maciejowego Sad w Lutyni -pa\u017adziernik 2025&#8243;][vc_gallery type=&#8221;image_grid&#8221; images=&#8221;7899,7900,7901,7902,7903,7904,7905,7906,7907,7908,7909&#8243; css=&#8221;&#8221; title=&#8221;Jesienna \u015bcie\u017cka sensoryczna &#8211; pa\u017adziernik 2025&#8243;][vc_gallery type=&#8221;image_grid&#8221; images=&#8221;7854,7874,7855,7856,7857,7858,7859,7860,7861,7863,7864,7865,7866,7867,7868,7869,7870,7871,7872,7873,7875&#8243; css=&#8221;&#8221; title=&#8221;3 Urodziny Krasnala Pi\u0105tusia &#8211; konkurs &#8222;Ekologiczna doniczka&#8222; &#8211; Pa\u017adziernik 2025&#8243;][vc_gallery type=&#8221;image_grid&#8221; images=&#8221;7853,7851,7852,7847,7845,7850,7846,7848,7849&#8243; css=&#8221;&#8221; title=&#8221;Rodzinny konkurs &#8211; &#8222;Portret Pani Jesie\u0144&#8222; &#8211; Wrzesie\u0144 2025&#8243;][vc_gallery type=&#8221;image_grid&#8221; images=&#8221;7886,7887&#8243; css=&#8221;&#8221; title=&#8221;&#8222;Smerfuj bezpiecznie&#8222; &#8211; przedstawienie w wykonaniu teatru Blaszany B\u0119benek &#8211; Wrzesie\u0144 2025&#8243;][vc_gallery type=&#8221;image_grid&#8221; images=&#8221;7892,7897,7890,7891,7893,7894,7895,7896&#8243; css=&#8221;&#8221; title=&#8221;Wycieczka do Maciejowego Sadu &#8211; Wrzesie\u0144 2025&#8243;][vc_gallery type=&#8221;image_grid&#8221; images=&#8221;7883,7882,8021,8019,8023,8017,8010,8022,8024,8020,8018,8011,8012,8013,8014,8015,7881&#8243; css=&#8221;&#8221; title=&#8221;Wakacyjna poczt\u00f3wka dla przedszkola &#8211; Wrzesie\u0144 2025&#8243;][vc_gallery type=&#8221;image_grid&#8221; images=&#8221;7667,7674,7675,7677,7672,7676,7664,7673&#8243; css=&#8221;&#8221; title=&#8221;Teatrzyk &#8222;Rzepka&#8222; w wyonaniu rodzic\u00f3w i rodze\u0144stwa dzieci z grupy 3&#8243;][vc_gallery type=&#8221;image_grid&#8221; images=&#8221;7554,7555,7557,7559,7560,7562,7563,7564,7565,7553,7552,7548,7550,7544&#8243; css=&#8221;&#8221; title=&#8221;Terenowe zadania w ramach Dnia Ziemi &#8211; Kwiecie\u0144 2025&#8243;][vc_gallery type=&#8221;image_grid&#8221; images=&#8221;7528,7527,7526,7529,7537,7539,7536,7538,7531,7532,7533,7534&#8243; css=&#8221;&#8221; title=&#8221;Sensoryczne warsztaty &#8222;Pisanki,kraszanki&#8222; Kwiecie\u0144 2025&#8243;][vc_gallery type=&#8221;image_grid&#8221; images=&#8221;7585,7586,7593,7595,7596,7591,7590,7594&#8243; css=&#8221;&#8221; title=&#8221;Sprzatanie Lasu Ku\u017anickiego &#8211; Kwiecie\u0144 2025&#8243;][vc_gallery type=&#8221;image_grid&#8221; images=&#8221;7568,7569,7570,7571,7572&#8243; css=&#8221;&#8221; title=&#8221;Ekologiczna Marzanna &#8211; Marzec 2025&#8243;][vc_gallery type=&#8221;image_grid&#8221; images=&#8221;7577,7578,7579,7580,7581,7575&#8243; css=&#8221;&#8221; title=&#8221;Opera Wroc\u0142awska spektakl &#8222;Pch\u0142a Szachrajka&#8222; &#8211; Marzec 2025&#8243;][vc_gallery type=&#8221;image_grid&#8221; images=&#8221;7073,7090&#8243; css=&#8221;&#8221; title=&#8221;Uroczysto\u015b\u0107 Dnia Niepodleg\u0142o\u015bci &#8211; Listopad 2024&#8243;][vc_gallery type=&#8221;image_grid&#8221; images=&#8221;7045,7071,7046,7047,7048,7049,7050,7051,7052,7053,7054,7055,7056,7057,7058,7059,7060,7061,7062,7063,7064,7065,7068,7069,7067&#8243; css=&#8221;&#8221; title=&#8221;Wystawa prac konkursowych &#8222;Fantazyjna dynia&#8222; oraz &#8222;Jesienny lampion&#8222; &#8211; Pa\u017adziernik 2024&#8243;][vc_gallery type=&#8221;image_grid&#8221; images=&#8221;7028,7031,7025,7026,7029,7030,7032,7033,7034,7035,7036,7037,7038,7039,7040,7043&#8243; css=&#8221;&#8221; title=&#8221;Wystawa prac konkursowych &#8222;Ekologiczna zabawka dla Krasnala Pi\u0105tusia&#8222; z okazji 2 urodzinv- Pa\u017adziernik 2024&#8243;][vc_gallery type=&#8221;image_grid&#8221; images=&#8221;6992,6995,6989,6996,6990,6991,6993,6994&#8243; css=&#8221;&#8221; title=&#8221;Spektakl &#8222;Jedz na zdrowie&#8222; w Magicznym Teatrze Muzycznym &#8211; Pa\u017adziernik 2024&#8243;][vc_gallery type=&#8221;image_grid&#8221; images=&#8221;6800,6802,6801,6798,6797&#8243; css=&#8221;&#8221; title=&#8221;Brudne zadanie &#8211; szale\u0144stwo dzia\u0142a\u0144 tw\u00f3rczych &#8211; Czerwiec 2024&#8243;][vc_gallery type=&#8221;image_grid&#8221; images=&#8221;6659,6660,6661,6662,6666,6664,6665,6632,6631,6680,6672,6673,6674,6678,6677,6675&#8243; css=&#8221;&#8221; title=&#8221;Festyn Rodzinny &#8211; Maj 2024&#8243;][vc_gallery type=&#8221;image_grid&#8221; images=&#8221;6687,6690,6691,6692,6693,6694,6698,6688,6697,6696,6689&#8243; css=&#8221;&#8221; title=&#8221;Bajkow\u00f3z z przedstawieniem &#8222;Legenda o Z\u0142otej Kaczce&#8222; &#8211; Maj 2024&#8243;][vc_gallery type=&#8221;image_grid&#8221; images=&#8221;6616,6615,6609,6610,6611,6612,6614,6613&#8243; css=&#8221;&#8221; title=&#8221;Rowerowy MAJ 2024&#8243;][vc_gallery type=&#8221;image_grid&#8221; images=&#8221;6788,6787,6785,6784,6786,6782,6783,6781&#8243; css=&#8221;&#8221; title=&#8221;Sensoryczna pisanka &#8211; Marzec 2024&#8243;][vc_gallery type=&#8221;image_grid&#8221; images=&#8221;6515,6516,6523,6532,6524,6533,6534&#8243; css=&#8221;&#8221; title=&#8221;Zabawy sensoryczne z wod\u0105 &#8211; Marzec 2024&#8243;][vc_gallery type=&#8221;image_grid&#8221; images=&#8221;6402,6403,6404,6413,6415,6414&#8243; css=&#8221;&#8221; title=&#8221;Walentynkowa Poczta Przedszkolaka &#8211; Luty 2024&#8243;][vc_gallery type=&#8221;image_grid&#8221; images=&#8221;6283,6282&#8243; css=&#8221;&#8221; title=&#8221;Wigilia 2023&#8243;][vc_gallery type=&#8221;image_grid&#8221; images=&#8221;6272&#8243; css=&#8221;&#8221; title=&#8221;Jase\u0142ka 2023&#8243;][vc_gallery type=&#8221;image_grid&#8221; images=&#8221;6173,6165,6166,6167,6169,6175,6177&#8243; css=&#8221;&#8221; title=&#8221;Uroczysto\u015b\u0107 Dnia Niepodleg\u0142o\u015bci 2023&#8243;][vc_gallery type=&#8221;image_grid&#8221; images=&#8221;6122,6123,6121,6114,6115,6116,6117,6118,6119,6120,6106,6104,6128,6129,6130,6131,6132,6112,6111,6110,6136,6138,6137,6135,6133&#8243; css=&#8221;&#8221; title=&#8221;Warsztaty &#8211; Jesienna \u015bcie\u017cka sensoryczna 29.10.2023&#8243;][vc_gallery type=&#8221;image_grid&#8221; images=&#8221;6058,6059,6064,6061,6065,6054,6055,6056,6057,6068,6060,6062,6066,6069,6070,6072,6073,6074,6075,6076,6079,6077,6078,6080,6081,6082,6083,6084,6085,6086,6087,6088,6089,6090,6091,6092&#8243; title=&#8221;Wystawa prac konkursowych &#8222;Fantazyjna dynia&#8222; oraz &#8222;Jesienny lampion&#8222;&#8221;][vc_gallery type=&#8221;image_grid&#8221; images=&#8221;5983,5984,5997,5999,6007&#8243; css=&#8221;&#8221; title=&#8221;Cyrk Sznurkowy 16.10.2023&#8243;][vc_gallery type=&#8221;image_grid&#8221; images=&#8221;5860,5858,5852,5845,5850,5851,5855,5944,5877,5874,5873,5872,5871,5866,5867,5869,5870,5868,5862&#8243; css=&#8221;&#8221; title=&#8221;Roczek Krasnala Pi\u0105tusia 06.10.2023&#8243;][vc_gallery type=&#8221;image_grid&#8221; images=&#8221;5821,5801,5800,5802,5813,5809,5804,5807,5814,5816,5827,5837,5836,5830,5806,5824,5825,5805,5808,5810,5826,5829,5831,5833,5839,5811,5817,5818,5803,5812,5819&#8243; title=&#8221;Konkurs literacko-plastyczny dla rodzic\u00f3w i dzieci &#8222;Karta urodzinowa dla Krasnala Pi\u0105tusia&#8222;&#8221;][vc_gallery type=&#8221;image_grid&#8221; images=&#8221;5723,5724,5665,5663,5662,5664,5661,5660,5659&#8243; title=&#8221;Nowy rok przedszkolny 2023\/2024 w stylu &#8222;Alicja w Krainie Czar\u00f3w&#8222;&#8221;][vc_gallery type=&#8221;image_grid&#8221; images=&#8221;5432,5431,5435,5434,5433&#8243; css=&#8221;&#8221; title=&#8221;\u015awiatowy dzie\u0144 wody i morza Ba\u0142tyckiego &#8211; zabawy badawcze 2023&#8243;][vc_gallery type=&#8221;image_grid&#8221; images=&#8221;5307,5308,5311,5309,5310&#8243; css=&#8221;&#8221; title=&#8221;Poczta Walentynkowa dla Przedszkolaka 2023&#8243;][vc_gallery type=&#8221;image_grid&#8221; images=&#8221;5134,5128,5126,5130,5131,5133,5135,5127,5136,5142,5140,5139,5137&#8243; css=&#8221;&#8221; title=&#8221;Andrzejki u Harrego Pottera 2022&#8243;][vc_gallery type=&#8221;image_grid&#8221; images=&#8221;5163,5162,5161,5160,5156,5154,5153,5155&#8243; title=&#8221;Dzie\u0144 \u017byczliwo\u015bci 2022&#8243;][vc_gallery type=&#8221;image_grid&#8221; images=&#8221;4905,4916,4915,5144,4902,4914,4913,4903&#8243; css=&#8221;&#8221; title=&#8221;Obchody Dnia Niepodleg\u0142o\u015bci 2022&#8243;][vc_gallery type=&#8221;image_grid&#8221; images=&#8221;5187,5188,5189,5190,5191,5192&#8243; title=&#8221;\u201eJesie\u0144, jesie\u0144 \u2013 dary niesie\u201d -warsztaty sensoryczne dla dzieci&#8221;][vc_gallery type=&#8221;image_grid&#8221; images=&#8221;5195,5198&#8243; css=&#8221;&#8221; title=&#8221;Malowa\u0142a jesie\u0144 \u2013 szale\u0144stwo dzia\u0142a\u0144 plastycznych&#8221;][vc_gallery type=&#8221;image_grid&#8221; images=&#8221;4874,4873,4925,4924,4922,4923&#8243; css=&#8221;&#8221; title=&#8221;Uroczysto\u015b\u0107 ods\u0142oni\u0119cia Krasnala Pi\u0105tusia 06.10.2022&#8243;][vc_column_text][\/vc_column_text][\/vc_tta_section][vc_tta_section title=&#8221;Nasz budynek i ogr\u00f3d&#8221; tab_id=&#8221;1633463463034-e127c50e-6858&#8243;][vc_gallery type=&#8221;image_grid&#8221; images=&#8221;5601,4071,4067,4069,4068,4239,4240,4242,4241&#8243; img_size=&#8221;medium&#8221;][\/vc_tta_section][vc_tta_section title=&#8221;Nasze ZOO&#8221; tab_id=&#8221;1633463463051-ff61764c-4c6b&#8221;][vc_gallery type=&#8221;image_grid&#8221; images=&#8221;1259,1258,1257&#8243; img_size=&#8221;medium&#8221;][\/vc_tta_section][vc_tta_section title=&#8221;Nasze sale&#8221; tab_id=&#8221;1634103212879-98845ab5-2c0d&#8221;][vc_gallery type=&#8221;image_grid&#8221; images=&#8221;4143,4144,4146,4147&#8243; img_size=&#8221;medium&#8221; title=&#8221;Grupa 7&#8243;][vc_gallery type=&#8221;image_grid&#8221; images=&#8221;4149,4150,4153&#8243; img_size=&#8221;medium&#8221; title=&#8221;Grupa 6&#8243;][vc_gallery type=&#8221;image_grid&#8221; images=&#8221;4177,4179,4176,4182&#8243; img_size=&#8221;medium&#8221; title=&#8221;Grupa 5&#8243;][vc_gallery type=&#8221;image_grid&#8221; images=&#8221;4187,4190,4184&#8243; img_size=&#8221;medium&#8221; title=&#8221;Grupa 4&#8243;][vc_gallery type=&#8221;image_grid&#8221; images=&#8221;4244,4231,4232&#8243; img_size=&#8221;medium&#8221; title=&#8221;Grupa 3&#8243;][vc_gallery type=&#8221;image_grid&#8221; images=&#8221;4169,4168&#8243; img_size=&#8221;medium&#8221; title=&#8221;Grupa 2&#8243;][vc_gallery type=&#8221;image_grid&#8221; images=&#8221;4160,4159,4166&#8243; img_size=&#8221;medium&#8221; title=&#8221;Grupa 1&#8243;][vc_gallery type=&#8221;image_grid&#8221; images=&#8221;4321,4209,4208&#8243; img_size=&#8221;medium&#8221; title=&#8221;Sala integracji sensorycznej&#8221;][vc_gallery type=&#8221;image_grid&#8221; images=&#8221;4197,4196,4193&#8243; img_size=&#8221;medium&#8221; title=&#8221;Sala logopedyczna&#8221;][\/vc_tta_section][\/vc_tta_tour][\/vc_column][\/vc_row][vc_row][vc_column][\/vc_column][\/vc_row]<\/p>\n<\/div>","protected":false},"excerpt":{"rendered":"<p>[vc_row][vc_column][vc_empty_space][vc_tta_tour][vc_tta_section title=&#8221;Imprezy\/Uroczysto\u015bci\/Wycieczki&#8221; tab_id=&#8221;1633871946416-0f34b02f-db7b&#8221;][vc_gallery type=&#8221;image_grid&#8221; images=&#8221;8601,8602,8603,8604,8605&#8243; css=&#8221;&#8221; title=&#8221;Kapelusze Pani Wiosny&#8221;][vc_gallery type=&#8221;image_grid&#8221; images=&#8221;8426,8428,8430,8431,8432,8433,8434&#8243; css=&#8221;&#8221; title=&#8221;Prezentacja \u015bwi\u0105tecznego programu artystycznego &#8211; grudzie\u0144 2025&#8243;][vc_gallery type=&#8221;image_grid&#8221; images=&#8221;8418,8419,8420,8421,8422,8423,8401,8402,8407,8408,8409,8410,8416,8417&#8243; css=&#8221;&#8221; title=&#8221;Muzeum Bombki w Miliczu &#8211; grudzie\u0144 2025&#8243;][vc_gallery type=&#8221;image_grid&#8221; [&hellip;]<\/p>\n","protected":false},"author":15,"featured_media":0,"parent":1451,"menu_order":0,"comment_status":"closed","ping_status":"closed","template":"","meta":{"ngg_post_thumbnail":0,"footnotes":""},"class_list":["post-440","page","type-page","status-publish","hentry","clearfix"],"_links":{"self":[{"href":"https:\/\/przedszkole5.edu.wroclaw.pl\/index.php\/wp-json\/wp\/v2\/pages\/440","targetHints":{"allow":["GET"]}}],"collection":[{"href":"https:\/\/przedszkole5.edu.wroclaw.pl\/index.php\/wp-json\/wp\/v2\/pages"}],"about":[{"href":"https:\/\/przedszkole5.edu.wroclaw.pl\/index.php\/wp-json\/wp\/v2\/types\/page"}],"author":[{"embeddable":true,"href":"https:\/\/przedszkole5.edu.wroclaw.pl\/index.php\/wp-json\/wp\/v2\/users\/15"}],"replies":[{"embeddable":true,"href":"https:\/\/przedszkole5.edu.wroclaw.pl\/index.php\/wp-json\/wp\/v2\/comments?post=440"}],"version-history":[{"count":149,"href":"https:\/\/przedszkole5.edu.wroclaw.pl\/index.php\/wp-json\/wp\/v2\/pages\/440\/revisions"}],"predecessor-version":[{"id":8607,"href":"https:\/\/przedszkole5.edu.wroclaw.pl\/index.php\/wp-json\/wp\/v2\/pages\/440\/revisions\/8607"}],"up":[{"embeddable":true,"href":"https:\/\/przedszkole5.edu.wroclaw.pl\/index.php\/wp-json\/wp\/v2\/pages\/1451"}],"wp:attachment":[{"href":"https:\/\/przedszkole5.edu.wroclaw.pl\/index.php\/wp-json\/wp\/v2\/media?parent=440"}],"curies":[{"name":"wp","href":"https:\/\/api.w.org\/{rel}","templated":true}]}}