
{"id":3632,"date":"2020-09-21T11:58:55","date_gmt":"2020-09-21T09:58:55","guid":{"rendered":"https:\/\/przedszkole5.edu.wroclaw.pl\/?page_id=3632"},"modified":"2026-04-01T21:26:25","modified_gmt":"2026-04-01T19:26:25","slug":"grupa-vi","status":"publish","type":"page","link":"https:\/\/przedszkole5.edu.wroclaw.pl\/index.php\/zostan-w-domu\/grupa-vi\/","title":{"rendered":"Grupa VI &#8211; Ekusie"},"content":{"rendered":"<div class=\"wpb-content-wrapper\"><p>[vc_row][vc_column][vc_column_text css=&#8221;&#8221;]<span style=\"font-size: 18pt;font-family: georgia, palatino\"><b>KWIECIE\u0143 2026<\/b><\/span><\/p>\n<ol>\n<li><strong>Wielkanoc (30.03.2026 &#8211; -04.03.2026)<\/strong><\/li>\n<\/ol>\n<ul>\n<li>Wzbogacanie s\u0142ownika dziecka o zwroty i wyra\u017cenia zwi\u0105zane z przygotowaniami do \u015awi\u0105t Wielkanocnych. (IV.1,2)<\/li>\n<li>Odkrywanie litery <strong>j, J:<\/strong> ma\u0142ej i wielkiej, pisanej i drukowanej (IV.4.2,4,8)<\/li>\n<li>Budzenie zainteresowania literami, rozwijanie s\u0142uchu fonematycznego (IV.2,4,8)<\/li>\n<li>Kszta\u0142towanie poj\u0119cia liczby. Wdra\u017canie do poprawnego pos\u0142ugiwania si\u0119 terminami matematycznymi. (IV.2, IV.7, IV.15, IV.20)<\/li>\n<li>Poznaje tradycyjn\u0105 metod\u0119 malowania pisanek pszczelim woskiem (IV.1,2,8)<\/li>\n<\/ul>\n<ol start=\"2\">\n<li><strong>Z ksi\u0105\u017ck\u0105 za pan brat (06.04.2026 -10.04.2026)<\/strong><\/li>\n<\/ol>\n<ul>\n<li>Rozwijanie zainteresowa\u0144 i kszta\u0142towanie nawyk\u00f3w czytelniczych.( 2, IV.7, IV.19)<\/li>\n<li>Doskonalenie umiej\u0119tno\u015bci wypowiadania si\u0119 pe\u0142nymi zdaniami. Tworzenie nowego zako\u0144czenia do znanych ba\u015bni. (IV.2, IV.19)<\/li>\n<li>Poznanie pracy pisarza, ilustratora, bibliotekarza (III.5, III.8, III.9, IV.2, IV.5, IV.7, IV.14)<\/li>\n<li>Ogl\u0105danie album\u00f3w, atlas\u00f3w, przewodnik\u00f3w. Formu\u0142owanie odpowiedzi na pytanie: Co odnajdziemy w r\u00f3\u017cnych ksi\u0105\u017ckach? na podstawie wierszy, zgromadzonych ksi\u0105\u017cek, opowie\u015bci nauczyciela i do\u015bwiadcze\u0144 dzieci (III.8, IV.1, IV.3, IV.2, IV.19)<\/li>\n<li>Rozwijanie my\u015blenia matematycznego. Kszta\u0142towanie poj\u0119cia liczby. Wdra\u017canie do poprawnego pos\u0142ugiwania si\u0119 terminami matematycznymi. Formu\u0142owanie odpowiedzi na pytanie: Co i jak zapisujemy? Wprowadzenie liczby <strong>10<\/strong>. (.7, III.5, III.8, III.9, IV.2, IV.5)<\/li>\n<\/ul>\n<ol start=\"3\">\n<li><strong>Kosmos \u00a0(13.04.2026 \u2013 17.04.2026)<\/strong><\/li>\n<\/ol>\n<ul>\n<li>Rozbudzanie zainteresowania kosmosem.( 2, IV.7, IV.18)<\/li>\n<li>Odkrywanie litery <strong>r, R:<\/strong> ma\u0142ej i wielkiej, pisanej i drukowanej (IV.4.2,4,8)<\/li>\n<li>Rozwijanie mowy i my\u015blenia przyczynowego-skutkowego oraz doskonalenie umiej\u0119tno\u015bci uwa\u017cnego s\u0142uchania na podstawie opowiadania \u201eWycieczka do planetarium\u201d M. Krajewskiej i M.Marzec (III.1,2,8, IV.18)<\/li>\n<li>Rozwijanie wsp\u00f3\u0142dzia\u0142ania w grupie poprzez zabawy ruchowe. Wdra\u017canie do przestrzega nia regu\u0142 i zasad gier i zabaw.( 2,5, III.8, 9)<\/li>\n<\/ul>\n<ol start=\"4\">\n<li><strong>Ziemia -moja planeta (20.04.2026\u2013 24.04.2026)<\/strong><\/li>\n<\/ol>\n<ul>\n<li>Odkrywanie litery <strong>\u0142, \u0141:<\/strong> ma\u0142ej i wielkiej, pisanej i drukowanej (IV.4.2,4,8)<\/li>\n<li>Budowanie systemu warto\u015bci. Tworzenie mapy poj\u0119ciowej do pyta\u0144: Co jest mi potrzebne? Czego cz\u0142owiek, ma\u0142y i du\u017cy, potrzebuje do \u017cycia? Kszta\u0142towanie \u015bwiadomo\u015bci ekologicznej i budowanie odpowiedzialnego podej\u015bcia do \u015brodowiska naturalnego. (I.5, II.11, III.1,2, 6, 7,8, IV.5, 7, 18)<\/li>\n<li>Wdra\u017canie do rozwijania po staw proekologicznych. Formu\u0142owanie odpowiedzi na pytanie: Dlaczego nale\u017cy oszcz\u0119dza\u0107&#8230; (wod\u0119, pr\u0105d, \u017cywno\u015b\u0107)? (III.2,8, IV.2,4,5)<\/li>\n<li>Utrwalanie zasad segregacji \u015bmieci (IV.18)<\/li>\n<\/ul>\n<ol start=\"5\">\n<li><strong>Polska -m\u00f3j kraj ( 27.04.2026 \u2013 30.04.2026)<\/strong><\/li>\n<\/ol>\n<ul>\n<li>Poszerzanie wiedzy o Polsce i symbolach narodowych. (9, III.1, III.8, IV.2, IV.5, IV.7, IV.10)<\/li>\n<li>Kszta\u0142towanie postawy patriotycznej. Rozwijanie poczucia przynale\u017cno\u015bci do spo\u0142eczno\u015bci i kraju. (II.9, III.1,8, IV.2,5,10)<\/li>\n<li>Utrwalenie hymnu Polski (IV.7)<\/li>\n<li>Rozwi\u0105zywanie zagadek o Polsce.(IV.5,10)<\/li>\n<li>Najwa\u017cniejsze miejsca w Polsce , rozwijanie aktywno\u015bci poznawczej ( IV.1,2,4)<\/li>\n<\/ul>\n<p>&nbsp;<\/p>\n<div>\n<div>\n<div>\n<p><strong>W Uk\u0142adzie S\u0142onecznym<\/strong><\/p>\n<\/div>\n<div>\n<p><span style=\"font-size: 10pt\">B. Bester<\/span><\/p>\n<p>&nbsp;<\/p>\n<\/div>\n<div>\n<p>W Uk\u0142adzie S\u0142onecznym osiem planet mamy,<\/p>\n<\/div>\n<div>\n<p>wszystkie po kolei teraz wymieniamy:<\/p>\n<\/div>\n<div>\n<p>Merkury to planeta pierwsza,<\/p>\n<\/div>\n<div>\n<p>najbli\u017csza S\u0142o\u0144cu i najmniejsza.<\/p>\n<\/div>\n<div>\n<p>Wenus to druga planeta od S\u0142o\u0144ca,<\/p>\n<\/div>\n<div>\n<p>pokryta law\u0105. Jest bardzo gor\u0105ca.<\/p>\n<\/div>\n<div>\n<p>Kolejna jest Ziemia, na niej \u017cycie wyst\u0119puje,<\/p>\n<\/div>\n<div>\n<p>jako trzecia w Uk\u0142adzie S\u0142onecznym si\u0119 znajduje.<\/p>\n<\/div>\n<div>\n<p>Czwarty to Mars pokryty kraterami,<\/p>\n<\/div>\n<div>\n<p>rozleg\u0142ymi pustyniami oraz wulkanami.<\/p>\n<\/div>\n<div>\n<p>Jowisz z wszystkich planet najszybciej si\u0119 kr\u0119ci,<\/p>\n<\/div>\n<div>\n<p>jest pi\u0105ty w kolejce i jest najwi\u0119kszy.<\/p>\n<\/div>\n<div>\n<p>Sz\u00f3st\u0105 planet\u0119 \u2013 Saturn \u2013 pier\u015bcienie otaczaj\u0105,<\/p>\n<\/div>\n<div>\n<p>kt\u00f3re z od\u0142amk\u00f3w ska\u0142 i lodu si\u0119 sk\u0142adaj\u0105.<\/p>\n<\/div>\n<div>\n<p>Si\u00f3dma planeta to b\u0142\u0119kitny Uran,<\/p>\n<\/div>\n<div>\n<p>najzimniejsza panuje tam temperatura.<\/p>\n<\/div>\n<div>\n<p>Najszybsze wiatry, tak si\u0119 sk\u0142ada,<\/p>\n<\/div>\n<div>\n<p>\u00f3sma planeta \u2013 Neptun \u2013 posiada.<\/p>\n<\/div>\n<div>\n<p>R\u00f3\u017cn\u0105 mas\u0119 i kolory te planety maj\u0105.<\/p>\n<\/div>\n<div>\n<p>Z przer\u00f3\u017cn\u0105 pr\u0119dko\u015bci\u0105 \u2013 S\u0142o\u0144ce okr\u0105\u017caj\u0105<\/p>\n<\/div>\n<\/div>\n<\/div>\n<div class=\"inner-text\"><\/div>\n<p>&nbsp;<\/p>\n<div>\n<div>\n<div>\n<p><strong>Ziemia \u2013 nasza planeta<\/strong><\/p>\n<\/div>\n<div>\n<p><span style=\"font-size: 10pt\">(s\u0142. i muz. Krystyna Gowik)<\/span><\/p>\n<\/div>\n<div>\n<p>1.Nasza zielona planeta Ziemia<\/p>\n<\/div>\n<div>\n<p>to tak naprawd\u0119 jeden wielki dom.<\/p>\n<\/div>\n<div>\n<p>Dla mnie, dla ciebie i dla wszystkich ludzi<\/p>\n<\/div>\n<div>\n<p>ka\u017cdy ma tutaj sw\u00f3j bezpieczny k\u0105t.<\/p>\n<\/div>\n<div>\n<p>Ref.: Zadbajmy o Ziemi\u0119, zadbajmy o Ziemi\u0119,<\/p>\n<\/div>\n<div>\n<p>by by\u0142a ci\u0105gle przyjazna i czysta.<\/p>\n<\/div>\n<div>\n<p>Bo chcemy j\u0105 zawsze podziwia\u0107<\/p>\n<\/div>\n<div>\n<p>i z jej dobrodziejstw korzysta\u0107.<\/p>\n<\/div>\n<div>\n<p>2. Nasza planeta jest wyj\u0105tkowa,<\/p>\n<\/div>\n<div>\n<p>pi\u0119kna, wspania\u0142a \u2013 wszyscy wiemy to!<\/p>\n<\/div>\n<div>\n<p>Trzeba docenia\u0107 wszystkie jej bogactwa,<\/p>\n<\/div>\n<div>\n<p>dba\u0107 o jej czysto\u015b\u0107, zbiera\u0107 plastik, szk\u0142o.<\/p>\n<\/div>\n<\/div>\n<\/div>\n<p>[\/vc_column_text][\/vc_column][\/vc_row]<\/p>\n<\/div>","protected":false},"excerpt":{"rendered":"<p>[vc_row][vc_column][vc_column_text css=&#8221;&#8221;]KWIECIE\u0143 2026 Wielkanoc (30.03.2026 &#8211; -04.03.2026) Wzbogacanie s\u0142ownika dziecka o zwroty i wyra\u017cenia zwi\u0105zane z przygotowaniami do \u015awi\u0105t Wielkanocnych. (IV.1,2) Odkrywanie litery j, J: ma\u0142ej i wielkiej, pisanej i [&hellip;]<\/p>\n","protected":false},"author":15,"featured_media":0,"parent":1649,"menu_order":0,"comment_status":"closed","ping_status":"closed","template":"","meta":{"ngg_post_thumbnail":0,"footnotes":""},"class_list":["post-3632","page","type-page","status-publish","hentry","clearfix"],"_links":{"self":[{"href":"https:\/\/przedszkole5.edu.wroclaw.pl\/index.php\/wp-json\/wp\/v2\/pages\/3632","targetHints":{"allow":["GET"]}}],"collection":[{"href":"https:\/\/przedszkole5.edu.wroclaw.pl\/index.php\/wp-json\/wp\/v2\/pages"}],"about":[{"href":"https:\/\/przedszkole5.edu.wroclaw.pl\/index.php\/wp-json\/wp\/v2\/types\/page"}],"author":[{"embeddable":true,"href":"https:\/\/przedszkole5.edu.wroclaw.pl\/index.php\/wp-json\/wp\/v2\/users\/15"}],"replies":[{"embeddable":true,"href":"https:\/\/przedszkole5.edu.wroclaw.pl\/index.php\/wp-json\/wp\/v2\/comments?post=3632"}],"version-history":[{"count":191,"href":"https:\/\/przedszkole5.edu.wroclaw.pl\/index.php\/wp-json\/wp\/v2\/pages\/3632\/revisions"}],"predecessor-version":[{"id":8592,"href":"https:\/\/przedszkole5.edu.wroclaw.pl\/index.php\/wp-json\/wp\/v2\/pages\/3632\/revisions\/8592"}],"up":[{"embeddable":true,"href":"https:\/\/przedszkole5.edu.wroclaw.pl\/index.php\/wp-json\/wp\/v2\/pages\/1649"}],"wp:attachment":[{"href":"https:\/\/przedszkole5.edu.wroclaw.pl\/index.php\/wp-json\/wp\/v2\/media?parent=3632"}],"curies":[{"name":"wp","href":"https:\/\/api.w.org\/{rel}","templated":true}]}}