
{"id":3630,"date":"2020-09-21T11:58:29","date_gmt":"2020-09-21T09:58:29","guid":{"rendered":"https:\/\/przedszkole5.edu.wroclaw.pl\/?page_id=3630"},"modified":"2026-04-10T13:35:06","modified_gmt":"2026-04-10T11:35:06","slug":"grupa-v","status":"publish","type":"page","link":"https:\/\/przedszkole5.edu.wroclaw.pl\/index.php\/zostan-w-domu\/grupa-v\/","title":{"rendered":"Grupa V &#8211; W\u0119drusie"},"content":{"rendered":"<div class=\"wpb-content-wrapper\"><p>[vc_row][vc_column][vc_column_text css=&#8221;&#8221;]<span style=\"font-family: georgia, palatino\"><span style=\"font-size: 24px\"><b><u>KWIECIE\u0143 2026<\/u><\/b><\/span><\/span><\/p>\n<p>&nbsp;<\/p>\n<ol>\n<li><strong>&#8222;O czym marz\u0105 zwierz\u0119ta?&#8221;<\/strong><\/li>\n<\/ol>\n<p>Dziecko:<\/p>\n<ul>\n<li>poznaje zwierz\u0119ta \u017cyj\u0105ce w \u015brodowisku domowym, na \u0142\u0105kach i polach oraz w lesie (O.4 p.1, 8,13,18);<\/li>\n<li>zapoznaje si\u0119 z zapisem graficzny litery w, W (O.4. p.2,4);<\/li>\n<li>wie jak\u0105 rol\u0119 pe\u0142ni\u0105 zwierz\u0119ta w \u017cyciu cz\u0142owieka (O.4 p.18,12).<\/li>\n<\/ul>\n<ol start=\"2\">\n<li><strong>&#8222;Kto obroni s\u0142onia?&#8221;<\/strong><\/li>\n<\/ol>\n<p>Dziecko:<\/p>\n<ul>\n<li>potrafi wskaza\u0107 zwierz\u0119ta \u017cyworodne oraz te, kt\u00f3re wykluwaj\u0105 si\u0119 z jaj (O.4 p.1,2,18);<\/li>\n<li>poznaje ciekawostki na temat zwierz\u0105t, wie w jaki spos\u00f3b potrafi\u0105 si\u0119 kamuflowa\u0107 (O. 4 p.18,8);<\/li>\n<li>wykonuje prac\u0119 plastyczn\u0105 nawi\u0105zuj\u0105c\u0105 do tematyki zaj\u0119\u0107 (O.4 p.8).<\/li>\n<\/ul>\n<p>&nbsp;<\/p>\n<p><strong>3.&#8221;Jak by\u0107 eko?\u201d<\/strong><\/p>\n<p>Dziecko:<\/p>\n<ul>\n<li>dowiaduje si\u0119 jakie dzia\u0142ania mog\u0105 podejmowa\u0107 dzieci, aby \u017cy\u0107 ekologicznie (O.4 p. 2,18);<\/li>\n<li>wypowiada si\u0119 na temat segregacji odpad\u00f3w (O.4 p.12,18);<\/li>\n<li>poznaje sposoby jak mo\u017cna mierzy\u0107 d\u0142ugo\u015bci (O.4 p. 13,18);<\/li>\n<li>bierze udzia\u0142 w pracach porz\u0105dkowych na terenie przedszkola (O.1p.5).<\/li>\n<\/ul>\n<p>&nbsp;<\/p>\n<ol start=\"4\">\n<li><strong> &#8222;Kto wymy\u015bli\u0142 nasza flag\u0119\u201d<\/strong><\/li>\n<\/ol>\n<p>Dziecko:<\/p>\n<ul>\n<li>wypowiada si\u0119 na temat polskich symboli narodowych (O. 4 p.1,2 18, O.2 p.10);<\/li>\n<li>poznaje wybrane polskie legendy (O.4 p.20, 3);<\/li>\n<li>doskonali umiej\u0119tno\u015b\u0107 przeliczania (O.4 p.15).<\/li>\n<\/ul>\n<p><strong>\u00a0<\/strong><\/p>\n<p><strong>\u00a0<\/strong><\/p>\n<p><span style=\"font-size: 14pt\"><strong>Wiersz<\/strong><\/span><\/p>\n<p><strong><u>\u201ePolskie symbole\u201d<\/u><\/strong><\/p>\n<p><strong>autor M. Przewo\u017aniak<\/strong><\/p>\n<p><strong>\u00a0<\/strong>To nasza flaga. Barwy znajome<\/p>\n<p>Na g\u00f3rze bia\u0142e, w dole czerwone.<\/p>\n<p>Czerwie\u0144 to walka, mi\u0142o\u015b\u0107 i wierno\u015b\u0107.<\/p>\n<p>A biel? To czysto\u015b\u0107 oraz szlachetno\u015b\u0107.<\/p>\n<p>Czerwie\u0144? To tarcza. A biel? To orze\u0142.<\/p>\n<p>Sk\u0105d to wiadomo? Sam sprawdzi\u0107 mo\u017cesz.<\/p>\n<p>Popatrz na god\u0142o, Polaku ma\u0142y,<\/p>\n<p>W tarczy czerwonej jest Orze\u0142 Bia\u0142y.<\/p>\n<p>S\u0142uchaj \u201eMazurka\u201d. Pie\u015bni znajomej,<\/p>\n<p>O tym, \u017ce Polska jest naszym domem.<\/p>\n<p>Stoj\u0105c na baczno\u015b\u0107, w hymnie \u015bpiewamy<\/p>\n<p>\u017be jest ojczyzn\u0105, kt\u00f3r\u0105 kochamy.<\/p>\n<p>[\/vc_column_text][\/vc_column][\/vc_row]<\/p>\n<\/div>","protected":false},"excerpt":{"rendered":"<p>[vc_row][vc_column][vc_column_text css=&#8221;&#8221;]KWIECIE\u0143 2026 &nbsp; &#8222;O czym marz\u0105 zwierz\u0119ta?&#8221; Dziecko: poznaje zwierz\u0119ta \u017cyj\u0105ce w \u015brodowisku domowym, na \u0142\u0105kach i polach oraz w lesie (O.4 p.1, 8,13,18); zapoznaje si\u0119 z zapisem graficzny [&hellip;]<\/p>\n","protected":false},"author":15,"featured_media":0,"parent":1649,"menu_order":0,"comment_status":"closed","ping_status":"closed","template":"","meta":{"ngg_post_thumbnail":0,"footnotes":""},"class_list":["post-3630","page","type-page","status-publish","hentry","clearfix"],"_links":{"self":[{"href":"https:\/\/przedszkole5.edu.wroclaw.pl\/index.php\/wp-json\/wp\/v2\/pages\/3630","targetHints":{"allow":["GET"]}}],"collection":[{"href":"https:\/\/przedszkole5.edu.wroclaw.pl\/index.php\/wp-json\/wp\/v2\/pages"}],"about":[{"href":"https:\/\/przedszkole5.edu.wroclaw.pl\/index.php\/wp-json\/wp\/v2\/types\/page"}],"author":[{"embeddable":true,"href":"https:\/\/przedszkole5.edu.wroclaw.pl\/index.php\/wp-json\/wp\/v2\/users\/15"}],"replies":[{"embeddable":true,"href":"https:\/\/przedszkole5.edu.wroclaw.pl\/index.php\/wp-json\/wp\/v2\/comments?post=3630"}],"version-history":[{"count":179,"href":"https:\/\/przedszkole5.edu.wroclaw.pl\/index.php\/wp-json\/wp\/v2\/pages\/3630\/revisions"}],"predecessor-version":[{"id":8609,"href":"https:\/\/przedszkole5.edu.wroclaw.pl\/index.php\/wp-json\/wp\/v2\/pages\/3630\/revisions\/8609"}],"up":[{"embeddable":true,"href":"https:\/\/przedszkole5.edu.wroclaw.pl\/index.php\/wp-json\/wp\/v2\/pages\/1649"}],"wp:attachment":[{"href":"https:\/\/przedszkole5.edu.wroclaw.pl\/index.php\/wp-json\/wp\/v2\/media?parent=3630"}],"curies":[{"name":"wp","href":"https:\/\/api.w.org\/{rel}","templated":true}]}}