
{"id":198,"date":"2017-03-09T09:33:12","date_gmt":"2017-03-09T08:33:12","guid":{"rendered":"https:\/\/przedszkole5.edu.wroclaw.pl\/?page_id=198"},"modified":"2026-01-18T16:14:02","modified_gmt":"2026-01-18T15:14:02","slug":"dyplomy","status":"publish","type":"page","link":"https:\/\/przedszkole5.edu.wroclaw.pl\/index.php\/glowna-2\/dyplomy\/","title":{"rendered":"Dyplomy"},"content":{"rendered":"<div class=\"wpb-content-wrapper\"><p>[vc_row][vc_column][vc_empty_space][vc_column_text css_animation=&#8221;fadeInLeftBig&#8221;]<\/p>\n<h2>Nasze przedszkole otrzyma\u0142o nast\u0119puj\u0105ce dyplomy i podzi\u0119kowania:<\/h2>\n<p>[\/vc_column_text][vc_empty_space][vc_tta_tour active_section=&#8221;1&#8243; title=&#8221;2024\/2025&#8243;][vc_tta_section title=&#8221;2025\/2026&#8243; tab_id=&#8221;1756581046105-2dd50036-5fd7&#8243;][vc_gallery type=&#8221;image_grid&#8221; images=&#8221;8501,8376,8377&#8243; css=&#8221;&#8221;][\/vc_tta_section][vc_tta_section title=&#8221;2024\/2025&#8243; tab_id=&#8221;1724698072962-27eb204b-8bbc&#8221;][vc_gallery type=&#8221;image_grid&#8221; images=&#8221;7418,7419,7449,7448,7417,7375,7403,7404,7376&#8243; css=&#8221;&#8221;][\/vc_tta_section][vc_tta_section title=&#8221;2023\/2024&#8243; tab_id=&#8221;1695239672895-7de90903-5fc6&#8243;][vc_gallery type=&#8221;image_grid&#8221; images=&#8221;6628,6625,6792,6793,6629,6627,6626&#8243; css=&#8221;&#8221;][\/vc_tta_section][vc_tta_section title=&#8221;2022\/2023&#8243; tab_id=&#8221;1661968534387-97ab97f9-355d&#8221;][vc_masonry_media_grid grid_id=&#8221;vc_gid:1768749216665-2d159fa7-f7b2-0&#8243; include=&#8221;5721,5242,5225,5226&#8243;][\/vc_tta_section][vc_tta_section title=&#8221;2021\/2022&#8243; tab_id=&#8221;1633873631463-7817af9f-e160&#8243;][vc_masonry_media_grid style=&#8221;lazy&#8221; gap=&#8221;20&#8243; grid_id=&#8221;vc_gid:1768749216666-c64f6168-645d-8&#8243; include=&#8221;5111,5172,4382,5113,5169,5242,5241,5240&#8243;][\/vc_tta_section][vc_tta_section title=&#8221;2020\/2021&#8243; tab_id=&#8221;1600717365488-7694474b-70d0&#8243;][vc_media_grid grid_id=&#8221;vc_gid:1768749216666-99e4174e-2862-0&#8243;][vc_media_grid grid_id=&#8221;vc_gid:1768749216666-fd96d23b-d912-10&#8243; include=&#8221;3674,3675&#8243;][\/vc_tta_section][vc_tta_section title=&#8221;2018\/2019&#8243; tab_id=&#8221;1489048604770-f17693ae-0db4&#8243;][vc_media_grid grid_id=&#8221;vc_gid:1768749216666-304624ab-d3f9-5&#8243; include=&#8221;1157,1153,1154,1155,1281,1282,1283&#8243;][\/vc_tta_section][vc_tta_section title=&#8221;2017\/2018&#8243; tab_id=&#8221;1552988063407-8faadcee-209c&#8221;][vc_masonry_media_grid style=&#8221;lazy&#8221; gap=&#8221;20&#8243; grid_id=&#8221;vc_gid:1768749216667-bc2d54f3-0b77-5&#8243; include=&#8221;998,999,1000,1001,1002,1003,1004,1005,1006,1007,1008,1009,1010,1011,1012,1014,1015,1016,1017,1018,1019,1020,1053&#8243;][\/vc_tta_section][vc_tta_section title=&#8221;2016\/2017&#8243; tab_id=&#8221;1547198815184-eb97dbed-ae49&#8243;][vc_masonry_media_grid style=&#8221;lazy&#8221; gap=&#8221;20&#8243; grid_id=&#8221;vc_gid:1768749216667-98833f6e-1324-7&#8243; include=&#8221;203,204,205,206,207&#8243;][\/vc_tta_section][vc_tta_section title=&#8221;2015\/2016&#8243; tab_id=&#8221;1489048560042-d3cedbe5-18f6&#8243;][vc_masonry_media_grid style=&#8221;lazy&#8221; items_per_page=&#8221;5&#8243; grid_id=&#8221;vc_gid:1768749216667-2e2569c9-89ac-10&#8243; include=&#8221;211,212,213,214,215,216,217,218,219,220,221,222,223,224,225,226,227,228,229,230,231,232,233,234,235,236,237,238,239,240,241,242,243,244,245,246,247,248,249,250,251,252,253&#8243;][\/vc_tta_section][vc_tta_section title=&#8221;2014\/2015&#8243; tab_id=&#8221;1489048560110-66e5c335-8e21&#8243;][vc_masonry_media_grid style=&#8221;lazy&#8221; grid_id=&#8221;vc_gid:1768749216667-d5a9cf93-6c4d-8&#8243; include=&#8221;256,257,258,259,260,261,262,263,264,265,266,267,268,269,270,271,272,273,274,275,276,277,278,279,280,281,282,283,284,285,286,287,288&#8243;][\/vc_tta_section][vc_tta_section title=&#8221;2013\/2014&#8243; tab_id=&#8221;1489050441302-2411955c-0041&#8243;][vc_masonry_media_grid style=&#8221;lazy&#8221; items_per_page=&#8221;2&#8243; grid_id=&#8221;vc_gid:1768749216667-4ba8f5f7-53b8-5&#8243; include=&#8221;291,292,293,294,295,296,297,298,299,300,301,302,303,304,305,306,307,308,309,310,311,312,313,314,315,316,317,318,319&#8243;][\/vc_tta_section][vc_tta_section title=&#8221;2012\/2013&#8243; tab_id=&#8221;1489050580502-ba760e5c-c0c4&#8243;][vc_masonry_media_grid style=&#8221;lazy&#8221; grid_id=&#8221;vc_gid:1768749216668-c0483658-2b9f-1&#8243; include=&#8221;321,322,323,324,325,326,327,328,329,330,331,332,333,334,335,336,337,338,339,340,341,342,343,344,345&#8243;][\/vc_tta_section][vc_tta_section title=&#8221;2011\/2012&#8243; tab_id=&#8221;1489050672149-d5f8e927-481d&#8221;][vc_masonry_media_grid style=&#8221;lazy&#8221; grid_id=&#8221;vc_gid:1768749216668-2a92f9e1-60de-7&#8243; include=&#8221;347,348,349,350,351,352,353,354,355,356,357,358,359,360,361,362,363,364,365,366,367,368,369,370,371&#8243;][\/vc_tta_section][vc_tta_section title=&#8221;2010\/2011&#8243; tab_id=&#8221;1489050771523-d64281e1-2940&#8243;][vc_masonry_media_grid style=&#8221;lazy&#8221; grid_id=&#8221;vc_gid:1768749216668-5771e281-63d5-9&#8243; include=&#8221;373,374,375,376,377,378,379,380,381,382,383,384,385,386,387,388,389,390,391,392,393&#8243;][\/vc_tta_section][vc_tta_section title=&#8221;2009\/2010&#8243; tab_id=&#8221;1489050892941-8e63f51a-4133&#8243;][vc_masonry_media_grid grid_id=&#8221;vc_gid:1768749216668-cdc05c9d-4f05-0&#8243; include=&#8221;395,396,397,398,399,400,401,402,403,404,405,406,407,408,409,410&#8243;][\/vc_tta_section][vc_tta_section title=&#8221;Do 2009&#8243; tab_id=&#8221;1489050959199-1686903c-6414&#8243;][vc_masonry_media_grid style=&#8221;lazy&#8221; grid_id=&#8221;vc_gid:1768749216668-8f69410f-5ce0-9&#8243; include=&#8221;412,413,414,415,416,417,418,419,420,421,422,423,424,425,426,427,428,429,430,431,432,433,434,435,436,437,438&#8243;][\/vc_tta_section][\/vc_tta_tour][\/vc_column][\/vc_row]<\/p>\n<\/div>","protected":false},"excerpt":{"rendered":"<p>[vc_row][vc_column][vc_empty_space][vc_column_text css_animation=&#8221;fadeInLeftBig&#8221;] Nasze przedszkole otrzyma\u0142o nast\u0119puj\u0105ce dyplomy i podzi\u0119kowania: [\/vc_column_text][vc_empty_space][vc_tta_tour active_section=&#8221;1&#8243; title=&#8221;2024\/2025&#8243;][vc_tta_section title=&#8221;2025\/2026&#8243; tab_id=&#8221;1756581046105-2dd50036-5fd7&#8243;][vc_gallery type=&#8221;image_grid&#8221; images=&#8221;8501,8376,8377&#8243; css=&#8221;&#8221;][\/vc_tta_section][vc_tta_section title=&#8221;2024\/2025&#8243; tab_id=&#8221;1724698072962-27eb204b-8bbc&#8221;][vc_gallery type=&#8221;image_grid&#8221; images=&#8221;7418,7419,7449,7448,7417,7375,7403,7404,7376&#8243; css=&#8221;&#8221;][\/vc_tta_section][vc_tta_section title=&#8221;2023\/2024&#8243; tab_id=&#8221;1695239672895-7de90903-5fc6&#8243;][vc_gallery type=&#8221;image_grid&#8221; images=&#8221;6628,6625,6792,6793,6629,6627,6626&#8243; css=&#8221;&#8221;][\/vc_tta_section][vc_tta_section title=&#8221;2022\/2023&#8243; tab_id=&#8221;1661968534387-97ab97f9-355d&#8221;][vc_masonry_media_grid grid_id=&#8221;vc_gid:1768749216665-2d159fa7-f7b2-0&#8243; [&hellip;]<\/p>\n","protected":false},"author":15,"featured_media":0,"parent":1451,"menu_order":0,"comment_status":"closed","ping_status":"closed","template":"","meta":{"ngg_post_thumbnail":0,"footnotes":""},"class_list":["post-198","page","type-page","status-publish","hentry","clearfix"],"_links":{"self":[{"href":"https:\/\/przedszkole5.edu.wroclaw.pl\/index.php\/wp-json\/wp\/v2\/pages\/198","targetHints":{"allow":["GET"]}}],"collection":[{"href":"https:\/\/przedszkole5.edu.wroclaw.pl\/index.php\/wp-json\/wp\/v2\/pages"}],"about":[{"href":"https:\/\/przedszkole5.edu.wroclaw.pl\/index.php\/wp-json\/wp\/v2\/types\/page"}],"author":[{"embeddable":true,"href":"https:\/\/przedszkole5.edu.wroclaw.pl\/index.php\/wp-json\/wp\/v2\/users\/15"}],"replies":[{"embeddable":true,"href":"https:\/\/przedszkole5.edu.wroclaw.pl\/index.php\/wp-json\/wp\/v2\/comments?post=198"}],"version-history":[{"count":67,"href":"https:\/\/przedszkole5.edu.wroclaw.pl\/index.php\/wp-json\/wp\/v2\/pages\/198\/revisions"}],"predecessor-version":[{"id":8502,"href":"https:\/\/przedszkole5.edu.wroclaw.pl\/index.php\/wp-json\/wp\/v2\/pages\/198\/revisions\/8502"}],"up":[{"embeddable":true,"href":"https:\/\/przedszkole5.edu.wroclaw.pl\/index.php\/wp-json\/wp\/v2\/pages\/1451"}],"wp:attachment":[{"href":"https:\/\/przedszkole5.edu.wroclaw.pl\/index.php\/wp-json\/wp\/v2\/media?parent=198"}],"curies":[{"name":"wp","href":"https:\/\/api.w.org\/{rel}","templated":true}]}}