
{"id":187,"date":"2017-03-09T09:14:01","date_gmt":"2017-03-09T08:14:01","guid":{"rendered":"https:\/\/przedszkole5.edu.wroclaw.pl\/?page_id=187"},"modified":"2026-03-28T17:29:13","modified_gmt":"2026-03-28T16:29:13","slug":"rok-szk-20162017","status":"publish","type":"page","link":"https:\/\/przedszkole5.edu.wroclaw.pl\/index.php\/rok-szk-20162017\/","title":{"rendered":"Rok szkolny 2025\/2026"},"content":{"rendered":"<div class=\"wpb-content-wrapper\"><p>[vc_row][vc_column][vc_empty_space][vc_tta_tour][vc_tta_section title=&#8221;Kadra 2025\/2026&#8243; tab_id=&#8221;1489047305748-34677880-0632&#8243;][vc_column_text css_animation=&#8221;fadeInUp&#8221; css=&#8221;&#8221;]<strong>Kadra 2025\/2026<\/strong><\/p>\n<p>Czyli do\u015bwiadczony personel, dbaj\u0105cy o w\u0142a\u015bciwy rozw\u00f3j dzieci.<\/p>\n<p>&nbsp;<\/p>\n<p><strong>Nauczyciele wychowania przedszkolnego:<\/strong><\/p>\n<p><strong>Gr. 1<\/strong> Ewa J., Iwona B.<\/p>\n<p><strong>Gr. 2 <\/strong>Magdalena K., Liliana B.<\/p>\n<p><strong>Gr. 3<\/strong> El\u017cbieta D.-B, Agata Cz.<\/p>\n<p><strong>Gr. 4 <\/strong>Justyna Sz., Barbara K.<\/p>\n<p><strong>Gr. 5 <\/strong>Alicja Sz., Marzena \u0141.<\/p>\n<p><strong>Gr. 6 <\/strong>Natalia M.<\/p>\n<p><strong>Gr. 7<\/strong>\u00a0 Agnieszka W., Natalia P.<\/p>\n<p>&nbsp;<\/p>\n<p><strong>Pomoc nauczyciela:<\/strong><\/p>\n<p><strong>Gr.1\u00a0\u00a0<\/strong>Justyna U.<\/p>\n<p><strong>Gr.2\u00a0<\/strong> Ma\u0142gorzata P.<\/p>\n<p>&nbsp;<\/p>\n<p><strong>Pomoc do dziecka z orzeczeniem:<\/strong><\/p>\n<p>Gr.3 Magdalena S.<\/p>\n<p>Gr.4 Magdalena F.<\/p>\n<p>Gr.5\u00a0 Anna J.<\/p>\n<p>Gr.6 Monika A.<\/p>\n<p>Gr.7\u00a0 Patrycja R., Wioletta J.<\/p>\n<p>&nbsp;<\/p>\n<p>&nbsp;<\/p>\n<p>&nbsp;<\/p>\n<p><strong>Kucharz:<\/strong><\/p>\n<p>Danuta J.<\/p>\n<p>&nbsp;<\/p>\n<p><strong>Pomoce kuchenne:<\/strong><\/p>\n<p>Iwona C.<br \/>\nJustyna Sz.<\/p>\n<p>&nbsp;<\/p>\n<p><strong>Pracownicy Obs\u0142ugi:<\/strong><\/p>\n<p>Gr.1 Teresa W.<\/p>\n<p>Gr.2 Ilona P.<\/p>\n<p>Gr.3 Barbara K.<\/p>\n<p>Gr.4 Marzena S.<\/p>\n<p>Gr.5 Joanna G.<\/p>\n<p>Gr.6 Anna K.<\/p>\n<p>Gr.7 Marta B.<\/p>\n<p>&nbsp;<\/p>\n<p>&nbsp;<\/p>\n<p>&nbsp;<\/p>\n<p>&nbsp;<\/p>\n<p><strong>O techniczny stan budynku i ogrodu dba:<\/strong><\/p>\n<p>Krzysztof Ch.<\/p>\n<p>&nbsp;<\/p>\n<p><strong>Intendent:<\/strong><\/p>\n<p>Joanna P.<\/p>\n<p>&nbsp;<\/p>\n<p><strong>Pomoc administracyjna:<\/strong><\/p>\n<p>Ma\u0142gorzata P.<\/p>\n<p>&nbsp;<\/p>\n<p>&nbsp;<\/p>\n<p><strong>Nad ca\u0142o\u015bci\u0105 czuwaj\u0105:<\/strong><\/p>\n<p><strong>dyrektor przedszkola<\/strong>: Renata Bysiewicz<\/p>\n<p><strong>zast\u0119pca dyrektora<\/strong>: Agnieszka W.[\/vc_column_text][\/vc_tta_section][vc_tta_section title=&#8221;Zaj\u0119cia dodatkowe&#8221; tab_id=&#8221;1489047305820-628d5878-849b&#8221;][vc_column_text css_animation=&#8221;fadeInRight&#8221; css=&#8221;&#8221;]<span style=\"color: #000000;font-size: 14pt;font-family: 'times new roman', times\"><strong>Zaj\u0119cia dodatkowe w roku szkolnym 2025\/2026<\/strong><\/span><\/p>\n<h3><\/h3>\n<p><span style=\"font-family: 'times new roman', times;font-size: 14pt;color: #000000\"><strong>Zaj\u0119cia logopedyczne<\/strong> indywidualne lub w 2-3 osobowych zespo\u0142ach:<\/span><\/p>\n<p><span style=\"font-family: 'times new roman', times;font-size: 14pt\"><span style=\"color: #000000\">Anna A. &#8211; wtorek,\u00a0 7.30-14.30<\/span><span style=\"color: #000000\">\u00a0<\/span><\/span><\/p>\n<p><span style=\"font-family: 'times new roman', times;font-size: 14pt\">Amanda B. &#8211; poniedzia\u0142ek\u00a0 8.00-11.00<\/span><\/p>\n<hr \/>\n<p><span style=\"font-family: 'times new roman', times;font-size: 14pt\"><strong>Psycholog<\/strong><\/span><\/p>\n<p><span style=\"font-family: 'times new roman', times;font-size: 14pt\">Lena P. wtorek 9.00-14.30<\/span><\/p>\n<p><span style=\"font-family: 'times new roman', times;font-size: 14pt\">\u00a0 \u00a0 \u00a0 \u00a0 \u00a0 \u00a0 \u00a0 \u00a0\u015broda 9.00-14.30<\/span><\/p>\n<hr \/>\n<p><strong><span style=\"font-family: 'times new roman', times;font-size: 14pt\">Pedagog specjalny<\/span><\/strong><\/p>\n<p><span style=\"font-family: 'times new roman', times;font-size: 14pt\">Natalia G. poniedzia\u0142ek-czwartek 8.30-13.00<\/span><\/p>\n<p><span style=\"font-family: 'times new roman', times;font-size: 14pt\">\u00a0 \u00a0 \u00a0 \u00a0 \u00a0 \u00a0 \u00a0 \u00a0 \u00a0 \u00a0 pi\u0105tek 8.30-12.30<\/span><\/p>\n<hr \/>\n<p><span style=\"font-family: 'times new roman', times;font-size: 14pt\"><strong><span style=\"color: #000000\">Mali Wspaniali\u00a0<\/span><\/strong><\/span><\/p>\n<p><span style=\"font-family: 'times new roman', times;font-size: 14pt\">Agata W. &#8211; pi\u0105tek 8.30-12.00<\/span><\/p>\n<hr \/>\n<p><span style=\"font-family: 'times new roman', times;font-size: 14pt\"><strong>Aktywne spotkanie z muzyk\u0105<\/strong><\/span><\/p>\n<p><span style=\"font-family: 'times new roman', times;font-size: 14pt;color: #000000\">Mariusz K. &#8211; wtorek 9.00-11.00<\/span><\/p>\n<p><span style=\"font-family: 'times new roman', times;font-size: 14pt\">\u00a0 \u00a0 \u00a0 \u00a0 \u00a0 \u00a0 \u00a0 \u00a0 \u00a0 \u00a0 \u00a0 \u00a0\u015broda 10.00 &#8211; 11.30<\/span><\/p>\n<hr \/>\n<p>[\/vc_column_text][\/vc_tta_section][vc_tta_section title=&#8221;Harmonogram imprez&#8221; tab_id=&#8221;1489047941927-90a92d54-4621&#8243;][vc_column_text css=&#8221;&#8221;][\/vc_column_text][\/vc_tta_section][vc_tta_section title=&#8221;Plan dnia&#8221; tab_id=&#8221;1494249689618-df9879b8-4274&#8243;][vc_column_text]<\/p>\n<p class=\"Cytat\" align=\"justify\"><strong><span lang=\"pl\">Ramowy plan dnia<\/span><\/strong><\/p>\n<p class=\"Cytat\" align=\"justify\"><strong>P<\/strong>raca z dzie\u0107mi przebiega w zale\u017cno\u015bci od warunk\u00f3w atmosferycznych w sali b\u0105d\u017a na \u015bwie\u017cym powietrzu.<\/p>\n<p><strong> 6:30 &#8211; 8:00<br \/>\n<\/strong>Przychodzenie dzieci, zabawy dowolne wed\u0142ug zainteresowa\u0144 dzieci\u0119cych,<br \/>\nzabawy w ma\u0142ych grupach, zaj\u0119cia indywidualne.<\/p>\n<p><strong>8:00 &#8211; 8:30<br \/>\n<\/strong>Zabawy ruchowe, zabiegi higieniczne przed \u015bniadaniem<\/p>\n<p><strong> 8:30 &#8211; 9:00<br \/>\n<\/strong>\u015aniadanie<\/p>\n<p><strong> 9:00 &#8211; 10:00<br \/>\n<\/strong>Blok zabawowo-zaj\u0119ciowy, dzia\u0142ania plastyczne, muzyczne, umys\u0142owe, ruchowe, teatrzyki, koncerty.<\/p>\n<p><strong> 10:00 &#8211; 11:45<br \/>\n<\/strong> Pobyt na \u015bwie\u017cym powietrzu, zabawy sprawno\u015bciowe, doskonalenie umiej\u0119<span class=\"style20\">tno\u015bci ubierania si\u0119. <\/span><\/p>\n<p><strong> 11:45 &#8211; 12:15<br \/>\n<\/strong> Obiad (I danie + deser)<\/p>\n<p><strong> 12:15 &#8211; 14:00<\/strong><br \/>\n&#8211; w grupach m\u0142odszych (gr. I) odpoczynek ze s\u0142uchaniem muzyki relaksacyjnej lub bajek.<br \/>\n&#8211; w grupach \u015brednich i starszych (gr. II, III, IV, V, VI, VII) zaj\u0119cia dodatkowe, praca indywidualna, realizacja pomys\u0142\u00f3w dzieci, zabawy dowolne w sali lub ogrodzie przedszkolnym<\/p>\n<p><strong> 14:00 &#8211; 14:15<br \/>\n<\/strong> Przygotowanie do obiadu, (czynno\u015bci porz\u0105dkowo &#8211; higieniczne)<\/p>\n<p><strong> 14:15 &#8211; 14:45<br \/>\n<\/strong> Obiad (II danie)<\/p>\n<p><strong> 14:45 &#8211; 17:00<br \/>\n<\/strong>Wsp\u00f3lne i indywidualne formy pracy z dzie\u0107mi, zabawy w ma\u0142ych grupach w sali lub na podw\u00f3rku.<br \/>\nRozchodzenie si\u0119 dzieci\u00a0do domu.[\/vc_column_text][\/vc_tta_section][\/vc_tta_tour][\/vc_column][\/vc_row]<\/p>\n<\/div>","protected":false},"excerpt":{"rendered":"<p>[vc_row][vc_column][vc_empty_space][vc_tta_tour][vc_tta_section title=&#8221;Kadra 2025\/2026&#8243; tab_id=&#8221;1489047305748-34677880-0632&#8243;][vc_column_text css_animation=&#8221;fadeInUp&#8221; css=&#8221;&#8221;]Kadra 2025\/2026 Czyli do\u015bwiadczony personel, dbaj\u0105cy o w\u0142a\u015bciwy rozw\u00f3j dzieci. &nbsp; Nauczyciele wychowania przedszkolnego: Gr. 1 Ewa J., Iwona B. Gr. 2 Magdalena K., Liliana [&hellip;]<\/p>\n","protected":false},"author":15,"featured_media":0,"parent":0,"menu_order":0,"comment_status":"closed","ping_status":"closed","template":"","meta":{"ngg_post_thumbnail":0,"footnotes":""},"class_list":["post-187","page","type-page","status-publish","hentry","clearfix"],"_links":{"self":[{"href":"https:\/\/przedszkole5.edu.wroclaw.pl\/index.php\/wp-json\/wp\/v2\/pages\/187","targetHints":{"allow":["GET"]}}],"collection":[{"href":"https:\/\/przedszkole5.edu.wroclaw.pl\/index.php\/wp-json\/wp\/v2\/pages"}],"about":[{"href":"https:\/\/przedszkole5.edu.wroclaw.pl\/index.php\/wp-json\/wp\/v2\/types\/page"}],"author":[{"embeddable":true,"href":"https:\/\/przedszkole5.edu.wroclaw.pl\/index.php\/wp-json\/wp\/v2\/users\/15"}],"replies":[{"embeddable":true,"href":"https:\/\/przedszkole5.edu.wroclaw.pl\/index.php\/wp-json\/wp\/v2\/comments?post=187"}],"version-history":[{"count":139,"href":"https:\/\/przedszkole5.edu.wroclaw.pl\/index.php\/wp-json\/wp\/v2\/pages\/187\/revisions"}],"predecessor-version":[{"id":8586,"href":"https:\/\/przedszkole5.edu.wroclaw.pl\/index.php\/wp-json\/wp\/v2\/pages\/187\/revisions\/8586"}],"wp:attachment":[{"href":"https:\/\/przedszkole5.edu.wroclaw.pl\/index.php\/wp-json\/wp\/v2\/media?parent=187"}],"curies":[{"name":"wp","href":"https:\/\/api.w.org\/{rel}","templated":true}]}}