
{"id":1654,"date":"2020-03-25T10:12:34","date_gmt":"2020-03-25T09:12:34","guid":{"rendered":"https:\/\/przedszkole5.edu.wroclaw.pl\/?page_id=1654"},"modified":"2026-04-01T21:27:23","modified_gmt":"2026-04-01T19:27:23","slug":"dzieci-starsze","status":"publish","type":"page","link":"https:\/\/przedszkole5.edu.wroclaw.pl\/index.php\/zostan-w-domu\/dzieci-starsze\/","title":{"rendered":"Grupa II &#8211; Tuptusie"},"content":{"rendered":"<div class=\"wpb-content-wrapper\"><p>[vc_row][vc_column][vc_column_text css=&#8221;&#8221;]<span style=\"font-family: georgia, palatino;font-size: 18pt\"><strong>KWIECIE\u0143 2026<\/strong><\/span><\/p>\n<p>&nbsp;<\/p>\n<ol>\n<li><strong> \u015aWI\u0118TA WIELKANOCNE<br \/>\n<\/strong>DZIECKO:<br \/>\n&#8211; wys\u0142ucha opowiadania B. Szel\u0105gowskiej \u201eWielkanocne pyszno\u015bci\u201d(p.p. III9, IV1, IV5,IV5)<br \/>\n&#8211; wys\u0142ucha wiersza J. Koczanowskiej \u201eWielkanoc\u201d (p.p. IV2, IV5)<br \/>\n&#8211; b\u0119dzie obserwowa\u0107, jak wygl\u0105da jajko w \u015brodku i zbada konsystencj\u0119 jego cz\u0119\u015bci (p.p. IV1, IV2, IV19)<br \/>\n&#8211; pozna \u017carty obrazkowe (p.p.IV9)<\/li>\n<li><strong> WIOSNA NA WSI<\/strong><br \/>\nDZIECKO:<br \/>\n&#8211; dowie si\u0119, jak wygl\u0105daj\u0105 prace na wsi (p.p.IV5, IV18)<br \/>\n&#8211; dowie si\u0119, jakie zwierz\u0119ta daj\u0105 mleko (p.p.IV5, IV18)<br \/>\n&#8211; dowie si\u0119, jakie produkty powstaj\u0105 z mleka (p.p.IV2, IV18)<br \/>\n&#8211; b\u0119dzie doskonali\u0107 umiej\u0119tno\u015b\u0107 liczenia, liczenie na konkretach (p.p.IV15)<br \/>\n&#8211; wys\u0142ucha i nauczy si\u0119 piosenki \u201eNa podw\u00f3rku\u201d (p.p.I5, IV7)<\/li>\n<li><strong> BAJKI, BA\u015aNIE, BAJECZKI<\/strong><br \/>\nDZIECKO:<br \/>\n&#8211; wys\u0142ucha opowiadania B. Szel\u0105gowskiej \u201eKr\u00f3lewna K\u0142amczuszka\u201d (p.p. III9, IV2, IV5)<br \/>\n&#8211; b\u0119dzie ogl\u0105da\u0107 ksi\u0105\u017cki i ba\u015bnie(p.p. IV1, IV2, IV19)<br \/>\n&#8211; doskonali umiej\u0119tno\u015b\u0107 przeliczania w zakresie 3 i stosowania liczebnik\u00f3w porz\u0105dkowych (p.p. IV12,IV13,IV15)<br \/>\n&#8211; dowie si\u0119, jak powstaje ksi\u0105\u017cka(p.p. II5, IV2, IV5)<\/li>\n<li><strong> DBAMY O PRZYROD\u0118<\/strong><br \/>\nDZIECKO:<br \/>\n&#8211; wypowie si\u0119, nt. co mo\u017ce zagra\u017ca\u0107 przyrodzie(p.p.II1, II2, III6, IV2)<br \/>\n&#8211; dowie si\u0119, dlaczego wa\u017cne jest oszcz\u0119dzanie wody (p.p.IV2, IV9, IV18)<br \/>\n&#8211; dowie si\u0119, dlaczego wa\u017cne jest segregowanie \u015bmieci (p.p.IV2, IV9, IV12, IV15)<br \/>\n&#8211; pozna kolory pojemnik\u00f3w na odpady (p.p.IV2, IV12)<\/li>\n<li><strong> POLSKA \u2013 MOJA OJCZYZNA<br \/>\n<\/strong>DZIECKO:<br \/>\n&#8211; dowie si\u0119, jakie s\u0105 symbole narodowe (p.p.IV9, IV10)<br \/>\n&#8211; dowie si\u0119 jakie miasto jest stolic\u0105 Polski(p.p.IV10)<br \/>\n&#8211; wys\u0142ucha opowiadania A. Widzowskiej \u201eStolica\u201d oraz wiersza. Dmitrocy \u201eLegenda o za\u0142o\u017ceniu Gniezna\u201d(p.p. IV2, IV5)<br \/>\n&#8211; wykonaj\u0105 prac\u0119 plastyczn\u0105 \u201eFlaga Rzeczypospolitej Polskiej\u201d(p.p. IV8)<\/li>\n<\/ol>\n<p>PIOSENKA: <strong>\u201eEKOLUDKI \u201d<\/strong> (s\u0142. I muz. Jolanta Kucharczyk)<\/p>\n<ol>\n<li>Nasza Ziemia to nasz dom,<br \/>\nczysty i zielony,<br \/>\na dru\u017cyna ekoludk\u00f3w<br \/>\nten nasz dom wspania\u0142y chroni.<\/li>\n<\/ol>\n<p>Ref.: Ekoludki, ekoludki<br \/>\nto stra\u017cnicy Ziemi.<br \/>\nTo my w\u0142a\u015bnie, ekoludki,<br \/>\nZiemi pilnujemy!<\/p>\n<ol start=\"2\">\n<li>Wci\u0105\u017c dru\u017cyna nasza dba<br \/>\no rzeki, jeziora,<br \/>\nwielkie oceany, morza,<br \/>\npi\u0119kne lasy, \u017cyzne pola.<\/li>\n<\/ol>\n<p>Ref.: Ekoludki,\u2026<\/p>\n<p>&nbsp;<\/p>\n<p>WIERSZ: \u201e<strong>Wielkanoc\u201d <\/strong>Jadwiga Koczanowska<\/p>\n<p><strong><br \/>\n<\/strong>W wielkanocnym koszyczku,<br \/>\nprzystrojonym pi\u0119knie,<br \/>\nk\u0142\u00f3ci\u0142y si\u0119 pisanki<br \/>\no najlepsze miejsce.<br \/>\nKa\u017cda chcia\u0142a spoczywa\u0107<br \/>\ntu\u017c obok rze\u017cuchy,<br \/>\nzielonej i puszystej<br \/>\njak mi\u0119kkie poduchy.<br \/>\nWtem do akcji wkroczy\u0142<br \/>\ncukrowy baranek,<br \/>\nzjad\u0142 zielon\u0105 rze\u017cuch\u0119,<br \/>\nprzerwa\u0142 sp\u00f3r pisanek.[\/vc_column_text][\/vc_column][\/vc_row]<\/p>\n<\/div>","protected":false},"excerpt":{"rendered":"<p>[vc_row][vc_column][vc_column_text css=&#8221;&#8221;]KWIECIE\u0143 2026 &nbsp; \u015aWI\u0118TA WIELKANOCNE DZIECKO: &#8211; wys\u0142ucha opowiadania B. Szel\u0105gowskiej \u201eWielkanocne pyszno\u015bci\u201d(p.p. III9, IV1, IV5,IV5) &#8211; wys\u0142ucha wiersza J. Koczanowskiej \u201eWielkanoc\u201d (p.p. IV2, IV5) &#8211; b\u0119dzie obserwowa\u0107, jak [&hellip;]<\/p>\n","protected":false},"author":15,"featured_media":0,"parent":1649,"menu_order":0,"comment_status":"closed","ping_status":"closed","template":"","meta":{"ngg_post_thumbnail":0,"footnotes":""},"class_list":["post-1654","page","type-page","status-publish","hentry","clearfix"],"_links":{"self":[{"href":"https:\/\/przedszkole5.edu.wroclaw.pl\/index.php\/wp-json\/wp\/v2\/pages\/1654","targetHints":{"allow":["GET"]}}],"collection":[{"href":"https:\/\/przedszkole5.edu.wroclaw.pl\/index.php\/wp-json\/wp\/v2\/pages"}],"about":[{"href":"https:\/\/przedszkole5.edu.wroclaw.pl\/index.php\/wp-json\/wp\/v2\/types\/page"}],"author":[{"embeddable":true,"href":"https:\/\/przedszkole5.edu.wroclaw.pl\/index.php\/wp-json\/wp\/v2\/users\/15"}],"replies":[{"embeddable":true,"href":"https:\/\/przedszkole5.edu.wroclaw.pl\/index.php\/wp-json\/wp\/v2\/comments?post=1654"}],"version-history":[{"count":597,"href":"https:\/\/przedszkole5.edu.wroclaw.pl\/index.php\/wp-json\/wp\/v2\/pages\/1654\/revisions"}],"predecessor-version":[{"id":8590,"href":"https:\/\/przedszkole5.edu.wroclaw.pl\/index.php\/wp-json\/wp\/v2\/pages\/1654\/revisions\/8590"}],"up":[{"embeddable":true,"href":"https:\/\/przedszkole5.edu.wroclaw.pl\/index.php\/wp-json\/wp\/v2\/pages\/1649"}],"wp:attachment":[{"href":"https:\/\/przedszkole5.edu.wroclaw.pl\/index.php\/wp-json\/wp\/v2\/media?parent=1654"}],"curies":[{"name":"wp","href":"https:\/\/api.w.org\/{rel}","templated":true}]}}