
{"id":1652,"date":"2020-03-25T10:12:00","date_gmt":"2020-03-25T09:12:00","guid":{"rendered":"https:\/\/przedszkole5.edu.wroclaw.pl\/?page_id=1652"},"modified":"2026-04-10T13:32:24","modified_gmt":"2026-04-10T11:32:24","slug":"dzieci-mlodsze","status":"publish","type":"page","link":"https:\/\/przedszkole5.edu.wroclaw.pl\/index.php\/zostan-w-domu\/dzieci-mlodsze\/","title":{"rendered":"Grupa I &#8211; Milusie"},"content":{"rendered":"<div class=\"wpb-content-wrapper\"><p>[vc_row][vc_column][vc_column_text css=&#8221;&#8221;]<span style=\"font-size: 18pt\"><strong>KWIECIE\u0143 2026<\/strong><\/span><\/p>\n<ol>\n<li><strong>Temat tygodnia : \u201eZ ksi\u0105\u017cka za pan brat\u201d<\/strong><\/li>\n<\/ol>\n<p><strong>DZIECKO:<\/strong><\/p>\n<ul>\n<li>wykonuje \u0107wiczenia zgodnie z instrukcj\u0105 s\u0142own\u0105 (O.1, p. 4,5; O.4, p.7)<\/li>\n<li>opowiada o swojej ulubionej ksi\u0105\u017cce , wie, \u017ce nale\u017cy dba\u0107 o ksi\u0105\u017cki (O.1.p 5, O.3 p.1,8)<\/li>\n<li>w\u0142\u0105cza si\u0119 do \u015bpiewania piosenki (O.4. p 1,2,6,7)<\/li>\n<li>rozpoznaje i wskazuje ko\u0142o kwadrat (O.4, p.1,2,12)<\/li>\n<li>powtarza kr\u00f3tkie rymowanki ( 3, p.1,2,3; O.4, p.18)<\/li>\n<\/ul>\n<ol start=\"2\">\n<li><strong>Temat tygodnia: \u201e Kosmos\u201d<\/strong><\/li>\n<\/ol>\n<p><strong>DZIECKO:<\/strong><\/p>\n<ul>\n<li>s\u0142ucha uwa\u017cnie i odpowiada na pytania (O.1, p.7; O.3, p.8; O.4, p.2,5,7,9)<\/li>\n<li>wie, \u017ce pory roku nast\u0119puj\u0105 po sobie (O.4. p.18)<\/li>\n<li>koncentruje si\u0119 na wykonywanej czynno\u015bci (O.4, p. 7)<\/li>\n<li>rysuje po \u015bladzie (O.3.p,8)<\/li>\n<li>maluje palcem farbami (O.4.p.3.8)<\/li>\n<li>gra na instrumentach ( O.4, p.4,7)<\/li>\n<\/ul>\n<ol start=\"3\">\n<li><strong> Temat tygodnia: \u201eZiemia mija planeta\u201d <\/strong><\/li>\n<\/ol>\n<p><strong>DZIECKO:<\/strong><\/p>\n<ul>\n<li>okre\u015bla po\u0142o\u017cenie przedmiot\u00f3w w przestrzeni ( O.2,p.1,9; O.3,p.8)<\/li>\n<li>nazywa kolory i koloruje obrazek (O.4 ,p.8)<\/li>\n<li>rozumie znaczenie czystej wody dla ludzi i zwierz\u0105t (O.3, p.1,2,3; O.4, p.18)<\/li>\n<li>segreguje \u015bmieci ze wzgl\u0119du na jedn\u0105 cech\u0119; wie kto je produkuje ( O.4, p.7,12,15)<\/li>\n<li>odpowiada na pytania nauczyciela (O.1, p.7; O.3, p.8; O.4, p.2,5,7,9)<\/li>\n<li>rzuca i \u0142apie pi\u0142k\u0119 (O.1, p.5; O.3,p.8)<\/li>\n<\/ul>\n<ol start=\"4\">\n<li><strong> Temat tygodnia: \u201ePolska m\u00f3j kraj\u201d <\/strong><\/li>\n<\/ol>\n<p><strong>DZIECKO:<\/strong><\/p>\n<ul>\n<li>poznaje Polsk\u0119 na mapie, rozpoznaje flag\u0119 (.3,p.8; O.4,p.2,5,18)<\/li>\n<li>rozumie poj\u0119ci blisko \u2013 daleko (O.3,p.8; O.4.p.2,5,7)<\/li>\n<li>\u0107wiczy samodzielne ubieranie i rozbieranie si\u0119 (O.1,p.1,2,3)<\/li>\n<li>s\u0142ucha legendy o powstaniu pa\u0144stwa polskiego (O.1, p.7; O.3, p.8; O.4, p.2,5,7,9)<\/li>\n<li>wykonuje prac\u0119 plastyczn\u0105 (O.3, p.8; O.4, p.1,5)<\/li>\n<li>w\u0142\u0105cza si\u0119 do \u015bpiewania piosenki o Polsce (O.4, p. 7)<\/li>\n<\/ul>\n<p>[\/vc_column_text][\/vc_column][\/vc_row]<\/p>\n<\/div>","protected":false},"excerpt":{"rendered":"<p>[vc_row][vc_column][vc_column_text css=&#8221;&#8221;]KWIECIE\u0143 2026 Temat tygodnia : \u201eZ ksi\u0105\u017cka za pan brat\u201d DZIECKO: wykonuje \u0107wiczenia zgodnie z instrukcj\u0105 s\u0142own\u0105 (O.1, p. 4,5; O.4, p.7) opowiada o swojej ulubionej ksi\u0105\u017cce , wie, [&hellip;]<\/p>\n","protected":false},"author":15,"featured_media":0,"parent":1649,"menu_order":0,"comment_status":"closed","ping_status":"closed","template":"","meta":{"ngg_post_thumbnail":0,"footnotes":""},"class_list":["post-1652","page","type-page","status-publish","hentry","clearfix"],"_links":{"self":[{"href":"https:\/\/przedszkole5.edu.wroclaw.pl\/index.php\/wp-json\/wp\/v2\/pages\/1652","targetHints":{"allow":["GET"]}}],"collection":[{"href":"https:\/\/przedszkole5.edu.wroclaw.pl\/index.php\/wp-json\/wp\/v2\/pages"}],"about":[{"href":"https:\/\/przedszkole5.edu.wroclaw.pl\/index.php\/wp-json\/wp\/v2\/types\/page"}],"author":[{"embeddable":true,"href":"https:\/\/przedszkole5.edu.wroclaw.pl\/index.php\/wp-json\/wp\/v2\/users\/15"}],"replies":[{"embeddable":true,"href":"https:\/\/przedszkole5.edu.wroclaw.pl\/index.php\/wp-json\/wp\/v2\/comments?post=1652"}],"version-history":[{"count":496,"href":"https:\/\/przedszkole5.edu.wroclaw.pl\/index.php\/wp-json\/wp\/v2\/pages\/1652\/revisions"}],"predecessor-version":[{"id":8608,"href":"https:\/\/przedszkole5.edu.wroclaw.pl\/index.php\/wp-json\/wp\/v2\/pages\/1652\/revisions\/8608"}],"up":[{"embeddable":true,"href":"https:\/\/przedszkole5.edu.wroclaw.pl\/index.php\/wp-json\/wp\/v2\/pages\/1649"}],"wp:attachment":[{"href":"https:\/\/przedszkole5.edu.wroclaw.pl\/index.php\/wp-json\/wp\/v2\/media?parent=1652"}],"curies":[{"name":"wp","href":"https:\/\/api.w.org\/{rel}","templated":true}]}}