
{"id":1502,"date":"2019-10-30T11:13:37","date_gmt":"2019-10-30T10:13:37","guid":{"rendered":"https:\/\/przedszkole5.edu.wroclaw.pl\/?page_id=1502"},"modified":"2020-02-17T18:29:18","modified_gmt":"2020-02-17T17:29:18","slug":"smaczna-kuchnia","status":"publish","type":"page","link":"https:\/\/przedszkole5.edu.wroclaw.pl\/index.php\/smaczna-kuchnia\/","title":{"rendered":"SMACZNA KUCHNIA"},"content":{"rendered":"<p>Przedszkole korzysta z w\u0142asnej kuchni i serwuje dzieciom codziennie \u015bwie\u017co przygotowane dania. Stawia na kuchni\u0119 smaczn\u0105, zdrow\u0105 dzia\u0142aj\u0105c\u0105 na podstawie obowi\u0105zuj\u0105cych przepis\u00f3w . Serwujemy \u015bwie\u017ce, naturalne i nieprzetworzone produkty. Uwzgl\u0119dniamy indywidualne uwarunkowania \u017cywieniowe dzieci. W listopadzie 2018 roku otrzymali\u015bmy certyfikaty \u201eSto\u0142\u00f3wka zdrowego i racjonalnego \u017cywienia \u201d oraz \u201ePrzedszkola Przyjaznego \u017bywieniu i Aktywno\u015bci Fizycznej\u201d.<\/p>\n\n\n<figure class=\"wp-block-gallery columns-3 is-cropped wp-block-gallery-1 is-layout-flex wp-block-gallery-is-layout-flex\"><ul class=\"blocks-gallery-grid\"><li class=\"blocks-gallery-item\"><figure><img loading=\"lazy\" decoding=\"async\" width=\"1024\" height=\"768\" src=\"https:\/\/przedszkole5.edu.wroclaw.pl\/wp-content\/uploads\/sites\/28\/2020\/02\/IMG_20191008_105419-1024x768.jpg\" alt=\"\" data-id=\"1572\" class=\"wp-image-1572\" srcset=\"https:\/\/przedszkole5.edu.wroclaw.pl\/wp-content\/uploads\/sites\/28\/2020\/02\/IMG_20191008_105419-1024x768.jpg 1024w, https:\/\/przedszkole5.edu.wroclaw.pl\/wp-content\/uploads\/sites\/28\/2020\/02\/IMG_20191008_105419-300x225.jpg 300w, https:\/\/przedszkole5.edu.wroclaw.pl\/wp-content\/uploads\/sites\/28\/2020\/02\/IMG_20191008_105419-768x576.jpg 768w, https:\/\/przedszkole5.edu.wroclaw.pl\/wp-content\/uploads\/sites\/28\/2020\/02\/IMG_20191008_105419-600x450.jpg 600w, https:\/\/przedszkole5.edu.wroclaw.pl\/wp-content\/uploads\/sites\/28\/2020\/02\/IMG_20191008_105419-1536x1152.jpg 1536w, https:\/\/przedszkole5.edu.wroclaw.pl\/wp-content\/uploads\/sites\/28\/2020\/02\/IMG_20191008_105419-2048x1536.jpg 2048w, https:\/\/przedszkole5.edu.wroclaw.pl\/wp-content\/uploads\/sites\/28\/2020\/02\/IMG_20191008_105419-624x468.jpg 624w\" sizes=\"auto, (max-width: 1024px) 100vw, 1024px\" \/><\/figure><\/li><li class=\"blocks-gallery-item\"><figure><img loading=\"lazy\" decoding=\"async\" width=\"1024\" height=\"768\" src=\"https:\/\/przedszkole5.edu.wroclaw.pl\/wp-content\/uploads\/sites\/28\/2020\/02\/IMG_20191009_103837-1-1024x768.jpg\" alt=\"\" data-id=\"1574\" data-link=\"https:\/\/przedszkole5.edu.wroclaw.pl\/?attachment_id=1574\" class=\"wp-image-1574\" srcset=\"https:\/\/przedszkole5.edu.wroclaw.pl\/wp-content\/uploads\/sites\/28\/2020\/02\/IMG_20191009_103837-1-1024x768.jpg 1024w, https:\/\/przedszkole5.edu.wroclaw.pl\/wp-content\/uploads\/sites\/28\/2020\/02\/IMG_20191009_103837-1-300x225.jpg 300w, https:\/\/przedszkole5.edu.wroclaw.pl\/wp-content\/uploads\/sites\/28\/2020\/02\/IMG_20191009_103837-1-768x576.jpg 768w, https:\/\/przedszkole5.edu.wroclaw.pl\/wp-content\/uploads\/sites\/28\/2020\/02\/IMG_20191009_103837-1-600x450.jpg 600w, https:\/\/przedszkole5.edu.wroclaw.pl\/wp-content\/uploads\/sites\/28\/2020\/02\/IMG_20191009_103837-1-1536x1152.jpg 1536w, https:\/\/przedszkole5.edu.wroclaw.pl\/wp-content\/uploads\/sites\/28\/2020\/02\/IMG_20191009_103837-1-2048x1536.jpg 2048w, https:\/\/przedszkole5.edu.wroclaw.pl\/wp-content\/uploads\/sites\/28\/2020\/02\/IMG_20191009_103837-1-624x468.jpg 624w\" sizes=\"auto, (max-width: 1024px) 100vw, 1024px\" \/><\/figure><\/li><li class=\"blocks-gallery-item\"><figure><img loading=\"lazy\" decoding=\"async\" width=\"1024\" height=\"768\" src=\"https:\/\/przedszkole5.edu.wroclaw.pl\/wp-content\/uploads\/sites\/28\/2020\/02\/IMG_20191017_134107-1024x768.jpg\" alt=\"\" data-id=\"1575\" data-link=\"https:\/\/przedszkole5.edu.wroclaw.pl\/?attachment_id=1575\" class=\"wp-image-1575\" srcset=\"https:\/\/przedszkole5.edu.wroclaw.pl\/wp-content\/uploads\/sites\/28\/2020\/02\/IMG_20191017_134107-1024x768.jpg 1024w, https:\/\/przedszkole5.edu.wroclaw.pl\/wp-content\/uploads\/sites\/28\/2020\/02\/IMG_20191017_134107-300x225.jpg 300w, https:\/\/przedszkole5.edu.wroclaw.pl\/wp-content\/uploads\/sites\/28\/2020\/02\/IMG_20191017_134107-768x576.jpg 768w, https:\/\/przedszkole5.edu.wroclaw.pl\/wp-content\/uploads\/sites\/28\/2020\/02\/IMG_20191017_134107-600x450.jpg 600w, https:\/\/przedszkole5.edu.wroclaw.pl\/wp-content\/uploads\/sites\/28\/2020\/02\/IMG_20191017_134107-1536x1152.jpg 1536w, https:\/\/przedszkole5.edu.wroclaw.pl\/wp-content\/uploads\/sites\/28\/2020\/02\/IMG_20191017_134107-2048x1536.jpg 2048w, https:\/\/przedszkole5.edu.wroclaw.pl\/wp-content\/uploads\/sites\/28\/2020\/02\/IMG_20191017_134107-624x468.jpg 624w\" sizes=\"auto, (max-width: 1024px) 100vw, 1024px\" \/><\/figure><\/li><li class=\"blocks-gallery-item\"><figure><img loading=\"lazy\" decoding=\"async\" width=\"768\" height=\"1024\" src=\"https:\/\/przedszkole5.edu.wroclaw.pl\/wp-content\/uploads\/sites\/28\/2020\/02\/IMG_20191017_134128-768x1024.jpg\" alt=\"\" data-id=\"1576\" data-link=\"https:\/\/przedszkole5.edu.wroclaw.pl\/?attachment_id=1576\" class=\"wp-image-1576\" srcset=\"https:\/\/przedszkole5.edu.wroclaw.pl\/wp-content\/uploads\/sites\/28\/2020\/02\/IMG_20191017_134128-768x1024.jpg 768w, https:\/\/przedszkole5.edu.wroclaw.pl\/wp-content\/uploads\/sites\/28\/2020\/02\/IMG_20191017_134128-225x300.jpg 225w, https:\/\/przedszkole5.edu.wroclaw.pl\/wp-content\/uploads\/sites\/28\/2020\/02\/IMG_20191017_134128-600x800.jpg 600w, https:\/\/przedszkole5.edu.wroclaw.pl\/wp-content\/uploads\/sites\/28\/2020\/02\/IMG_20191017_134128-1152x1536.jpg 1152w, https:\/\/przedszkole5.edu.wroclaw.pl\/wp-content\/uploads\/sites\/28\/2020\/02\/IMG_20191017_134128-1536x2048.jpg 1536w, https:\/\/przedszkole5.edu.wroclaw.pl\/wp-content\/uploads\/sites\/28\/2020\/02\/IMG_20191017_134128-624x832.jpg 624w, https:\/\/przedszkole5.edu.wroclaw.pl\/wp-content\/uploads\/sites\/28\/2020\/02\/IMG_20191017_134128-scaled.jpg 1920w\" sizes=\"auto, (max-width: 768px) 100vw, 768px\" \/><\/figure><\/li><li class=\"blocks-gallery-item\"><figure><img loading=\"lazy\" decoding=\"async\" width=\"768\" height=\"1024\" src=\"https:\/\/przedszkole5.edu.wroclaw.pl\/wp-content\/uploads\/sites\/28\/2020\/02\/IMG_20191011_082833-768x1024.jpg\" alt=\"\" data-id=\"1578\" data-link=\"https:\/\/przedszkole5.edu.wroclaw.pl\/?attachment_id=1578\" class=\"wp-image-1578\" srcset=\"https:\/\/przedszkole5.edu.wroclaw.pl\/wp-content\/uploads\/sites\/28\/2020\/02\/IMG_20191011_082833-768x1024.jpg 768w, https:\/\/przedszkole5.edu.wroclaw.pl\/wp-content\/uploads\/sites\/28\/2020\/02\/IMG_20191011_082833-225x300.jpg 225w, https:\/\/przedszkole5.edu.wroclaw.pl\/wp-content\/uploads\/sites\/28\/2020\/02\/IMG_20191011_082833-600x800.jpg 600w, https:\/\/przedszkole5.edu.wroclaw.pl\/wp-content\/uploads\/sites\/28\/2020\/02\/IMG_20191011_082833-1152x1536.jpg 1152w, https:\/\/przedszkole5.edu.wroclaw.pl\/wp-content\/uploads\/sites\/28\/2020\/02\/IMG_20191011_082833-1536x2048.jpg 1536w, https:\/\/przedszkole5.edu.wroclaw.pl\/wp-content\/uploads\/sites\/28\/2020\/02\/IMG_20191011_082833-624x832.jpg 624w, https:\/\/przedszkole5.edu.wroclaw.pl\/wp-content\/uploads\/sites\/28\/2020\/02\/IMG_20191011_082833-scaled.jpg 1920w\" sizes=\"auto, (max-width: 768px) 100vw, 768px\" \/><\/figure><\/li><li class=\"blocks-gallery-item\"><figure><img loading=\"lazy\" decoding=\"async\" width=\"1024\" height=\"768\" src=\"https:\/\/przedszkole5.edu.wroclaw.pl\/wp-content\/uploads\/sites\/28\/2020\/02\/IMG_20191016_121205-1024x768.jpg\" alt=\"\" data-id=\"1579\" data-link=\"https:\/\/przedszkole5.edu.wroclaw.pl\/?attachment_id=1579\" class=\"wp-image-1579\" srcset=\"https:\/\/przedszkole5.edu.wroclaw.pl\/wp-content\/uploads\/sites\/28\/2020\/02\/IMG_20191016_121205-1024x768.jpg 1024w, https:\/\/przedszkole5.edu.wroclaw.pl\/wp-content\/uploads\/sites\/28\/2020\/02\/IMG_20191016_121205-300x225.jpg 300w, https:\/\/przedszkole5.edu.wroclaw.pl\/wp-content\/uploads\/sites\/28\/2020\/02\/IMG_20191016_121205-768x576.jpg 768w, https:\/\/przedszkole5.edu.wroclaw.pl\/wp-content\/uploads\/sites\/28\/2020\/02\/IMG_20191016_121205-600x450.jpg 600w, https:\/\/przedszkole5.edu.wroclaw.pl\/wp-content\/uploads\/sites\/28\/2020\/02\/IMG_20191016_121205-1536x1152.jpg 1536w, https:\/\/przedszkole5.edu.wroclaw.pl\/wp-content\/uploads\/sites\/28\/2020\/02\/IMG_20191016_121205-2048x1536.jpg 2048w, https:\/\/przedszkole5.edu.wroclaw.pl\/wp-content\/uploads\/sites\/28\/2020\/02\/IMG_20191016_121205-624x468.jpg 624w\" sizes=\"auto, (max-width: 1024px) 100vw, 1024px\" \/><\/figure><\/li><li class=\"blocks-gallery-item\"><figure><img loading=\"lazy\" decoding=\"async\" width=\"1024\" height=\"768\" src=\"https:\/\/przedszkole5.edu.wroclaw.pl\/wp-content\/uploads\/sites\/28\/2020\/02\/Smaczna-Kuchnia-10-1024x768.jpg\" alt=\"\" data-id=\"1595\" data-full-url=\"https:\/\/przedszkole5.edu.wroclaw.pl\/wp-content\/uploads\/sites\/28\/2020\/02\/Smaczna-Kuchnia-10-scaled.jpg\" data-link=\"https:\/\/przedszkole5.edu.wroclaw.pl\/?attachment_id=1595\" class=\"wp-image-1595\" srcset=\"https:\/\/przedszkole5.edu.wroclaw.pl\/wp-content\/uploads\/sites\/28\/2020\/02\/Smaczna-Kuchnia-10-1024x768.jpg 1024w, https:\/\/przedszkole5.edu.wroclaw.pl\/wp-content\/uploads\/sites\/28\/2020\/02\/Smaczna-Kuchnia-10-300x225.jpg 300w, https:\/\/przedszkole5.edu.wroclaw.pl\/wp-content\/uploads\/sites\/28\/2020\/02\/Smaczna-Kuchnia-10-768x576.jpg 768w, https:\/\/przedszkole5.edu.wroclaw.pl\/wp-content\/uploads\/sites\/28\/2020\/02\/Smaczna-Kuchnia-10-600x450.jpg 600w, https:\/\/przedszkole5.edu.wroclaw.pl\/wp-content\/uploads\/sites\/28\/2020\/02\/Smaczna-Kuchnia-10-1536x1152.jpg 1536w, https:\/\/przedszkole5.edu.wroclaw.pl\/wp-content\/uploads\/sites\/28\/2020\/02\/Smaczna-Kuchnia-10-2048x1536.jpg 2048w, https:\/\/przedszkole5.edu.wroclaw.pl\/wp-content\/uploads\/sites\/28\/2020\/02\/Smaczna-Kuchnia-10-624x468.jpg 624w\" sizes=\"auto, (max-width: 1024px) 100vw, 1024px\" \/><\/figure><\/li><\/ul><\/figure>\n","protected":false},"excerpt":{"rendered":"<p>Przedszkole korzysta z w\u0142asnej kuchni i serwuje dzieciom codziennie \u015bwie\u017co przygotowane dania. Stawia na kuchni\u0119 smaczn\u0105, zdrow\u0105 dzia\u0142aj\u0105c\u0105 na podstawie obowi\u0105zuj\u0105cych przepis\u00f3w . Serwujemy \u015bwie\u017ce, naturalne i nieprzetworzone produkty. Uwzgl\u0119dniamy [&hellip;]<\/p>\n","protected":false},"author":15,"featured_media":0,"parent":0,"menu_order":0,"comment_status":"closed","ping_status":"closed","template":"","meta":{"ngg_post_thumbnail":0,"footnotes":""},"class_list":["post-1502","page","type-page","status-publish","hentry","clearfix"],"_links":{"self":[{"href":"https:\/\/przedszkole5.edu.wroclaw.pl\/index.php\/wp-json\/wp\/v2\/pages\/1502","targetHints":{"allow":["GET"]}}],"collection":[{"href":"https:\/\/przedszkole5.edu.wroclaw.pl\/index.php\/wp-json\/wp\/v2\/pages"}],"about":[{"href":"https:\/\/przedszkole5.edu.wroclaw.pl\/index.php\/wp-json\/wp\/v2\/types\/page"}],"author":[{"embeddable":true,"href":"https:\/\/przedszkole5.edu.wroclaw.pl\/index.php\/wp-json\/wp\/v2\/users\/15"}],"replies":[{"embeddable":true,"href":"https:\/\/przedszkole5.edu.wroclaw.pl\/index.php\/wp-json\/wp\/v2\/comments?post=1502"}],"version-history":[{"count":3,"href":"https:\/\/przedszkole5.edu.wroclaw.pl\/index.php\/wp-json\/wp\/v2\/pages\/1502\/revisions"}],"predecessor-version":[{"id":1596,"href":"https:\/\/przedszkole5.edu.wroclaw.pl\/index.php\/wp-json\/wp\/v2\/pages\/1502\/revisions\/1596"}],"wp:attachment":[{"href":"https:\/\/przedszkole5.edu.wroclaw.pl\/index.php\/wp-json\/wp\/v2\/media?parent=1502"}],"curies":[{"name":"wp","href":"https:\/\/api.w.org\/{rel}","templated":true}]}}