
{"id":1499,"date":"2019-10-30T11:11:26","date_gmt":"2019-10-30T10:11:26","guid":{"rendered":"https:\/\/przedszkole5.edu.wroclaw.pl\/?page_id=1499"},"modified":"2023-10-11T21:46:49","modified_gmt":"2023-10-11T19:46:49","slug":"zajecia-dodatkowe","status":"publish","type":"page","link":"https:\/\/przedszkole5.edu.wroclaw.pl\/index.php\/zajecia-dodatkowe\/","title":{"rendered":"ZAJ\u0118CIA DODATKOWE"},"content":{"rendered":"<p>Logopeda<br \/>\nmgr Anna A.,<br \/>\nZaj\u0119cia indywidualne lub w 2-3 osobowych zespo\u0142ach. Zadaniem logopedy jest prowadzenie terapii logopedycznej z dzie\u0107mi maj\u0105cymi trudno\u015bci artykulacyjne i komunikacyjne.<\/p>\n<p>Integracja sensoryczna<br \/>\nmgr Agnieszka W.<br \/>\nTerapia SI polega na zach\u0119caniu i kierowaniu dziecka do wykonywania aktywno\u015bci, kt\u00f3re maj\u0105 za zadanie wyzwala\u0107 i prowokowa\u0107 do odpowiednich reakcji na bod\u017ace sensoryczne. Ka\u017cde zaj\u0119cia s\u0105 zaplanowane i indywidualnie dopasowane do ka\u017cdego dziecka.<\/p>\n<p>Gimnastyka og\u00f3lnorozwojowa<br \/>\nMagdalena Ch.<br \/>\nZaj\u0119cia wspieraj\u0105 i ukierunkowuj\u0105 aktywno\u015b\u0107 ruchow\u0105 naszych przedszkolak\u00f3w. Dbamy, by nasze przedszkolaki mia\u0142y proste kr\u0119gos\u0142upy, by\u0142y sprawne i cieszy\u0142y si\u0119 aktywnym dzieci\u0144stwem. Zaj\u0119cia z gimnastyki w przedszkolu umo\u017cliwi\u0105 dziecku \u0107wiczenie gibko\u015bci, szybko\u015bci, sprawno\u015bci, pami\u0119ci, koncentracji uwagi, spostrzegawczo\u015bci, rozbudzaj\u0105 motywacj\u0119 do wszechstronnej aktywno\u015bci stanowi\u0105cej niezb\u0119dny warunek ich rozwoju, jak r\u00f3wnie\u017c wyrobi\u0107 prawid\u0142owe nawyki i przyzwyczajenia.<\/p>\n<p>Aktywne spotkanie z muzyk\u0105<br \/>\nZaj\u0119cia te poprzez ruch i \u015bpiew realizuj\u0105 cele wychowania og\u00f3lnego, oparte s\u0105 na zrozumieniu tkwi\u0105cej w dziecku potrzeby ruchu i aktywno\u015bci \u2013 wychowuj\u0105 cz\u0142owieka nie tylko wra\u017cliwego na sztuk\u0119, ale samodzielnego, inteligentnego, aktywnego, sprawnego fizycznie, przysz\u0142ego odbiorc\u0119 muzyki. Zaj\u0119cia rytmiczne to przede wszystkim nauka poprzez wsp\u00f3ln\u0105 zabaw\u0119, kt\u00f3ra prowadzona jest tak, aby zdobywanie wiedzy kojarzy\u0142o si\u0119 dziecku z przyjemno\u015bci\u0105.<\/p>\n","protected":false},"excerpt":{"rendered":"<p>Logopeda mgr Anna A., Zaj\u0119cia indywidualne lub w 2-3 osobowych zespo\u0142ach. Zadaniem logopedy jest prowadzenie terapii logopedycznej z dzie\u0107mi maj\u0105cymi trudno\u015bci artykulacyjne i komunikacyjne. Integracja sensoryczna mgr Agnieszka W. Terapia [&hellip;]<\/p>\n","protected":false},"author":15,"featured_media":0,"parent":0,"menu_order":0,"comment_status":"closed","ping_status":"closed","template":"","meta":{"ngg_post_thumbnail":0,"footnotes":""},"class_list":["post-1499","page","type-page","status-publish","hentry","clearfix"],"_links":{"self":[{"href":"https:\/\/przedszkole5.edu.wroclaw.pl\/index.php\/wp-json\/wp\/v2\/pages\/1499","targetHints":{"allow":["GET"]}}],"collection":[{"href":"https:\/\/przedszkole5.edu.wroclaw.pl\/index.php\/wp-json\/wp\/v2\/pages"}],"about":[{"href":"https:\/\/przedszkole5.edu.wroclaw.pl\/index.php\/wp-json\/wp\/v2\/types\/page"}],"author":[{"embeddable":true,"href":"https:\/\/przedszkole5.edu.wroclaw.pl\/index.php\/wp-json\/wp\/v2\/users\/15"}],"replies":[{"embeddable":true,"href":"https:\/\/przedszkole5.edu.wroclaw.pl\/index.php\/wp-json\/wp\/v2\/comments?post=1499"}],"version-history":[{"count":7,"href":"https:\/\/przedszkole5.edu.wroclaw.pl\/index.php\/wp-json\/wp\/v2\/pages\/1499\/revisions"}],"predecessor-version":[{"id":5962,"href":"https:\/\/przedszkole5.edu.wroclaw.pl\/index.php\/wp-json\/wp\/v2\/pages\/1499\/revisions\/5962"}],"wp:attachment":[{"href":"https:\/\/przedszkole5.edu.wroclaw.pl\/index.php\/wp-json\/wp\/v2\/media?parent=1499"}],"curies":[{"name":"wp","href":"https:\/\/api.w.org\/{rel}","templated":true}]}}