
{"id":1487,"date":"2019-10-30T10:53:47","date_gmt":"2019-10-30T09:53:47","guid":{"rendered":"https:\/\/przedszkole5.edu.wroclaw.pl\/?page_id=1487"},"modified":"2024-06-22T23:15:41","modified_gmt":"2024-06-22T21:15:41","slug":"ekologia","status":"publish","type":"page","link":"https:\/\/przedszkole5.edu.wroclaw.pl\/index.php\/ekologia\/","title":{"rendered":"EKOLOGIA"},"content":{"rendered":"<p>Pod\u0105\u017caj\u0105c za trendami edukacji ekologicznej i globalnej oraz w odpowiedzi na zagro\u017cenia dotycz\u0105ce ca\u0142ej planety kszta\u0142tujemy u naszych podopiecznych postawy proekologiczne.<\/p>\r\n<p>Dzieci uczestnicz\u0105 w zaj\u0119ciach dotycz\u0105cych:<\/p>\r\n<ul>\r\n<li>oszcz\u0119dzania wody i pr\u0105du w przedszkolu i w domu.<\/li>\r\n<li>\u00a0segregowania, kompostowania i ograniczania ilo\u015bci odpad\u00f3w, oraz dokonywania \u015bwiadomych wybor\u00f3w dotycz\u0105cych zakup\u00f3w, transportu w mie\u015bcie<\/li>\r\n<li>\u00a0jako\u015bci powietrza kt\u00f3rym oddychamy i jaki to ma zwi\u0105zek z naszym zdrowiem<\/li>\r\n<li>otaczaj\u0105cej\u00a0 przyrody ich ma\u0142ej lokalnej spo\u0142eczno\u015bci jak\u0105 s\u0105 Ku\u017aniki i do\u015bwiadczaj\u0105 tego jaki mog\u0105 mie\u0107 na ni\u0105 wp\u0142yw &#8211; spaceruj\u0105 do lasu, na dzia\u0142ki i w okolice stawu, uczestnicz\u0105 w sprz\u0105taniu Ku\u017anickiego Lasku, uczestnicz\u0105 w Terenowym konkursie ekologicznym, dbaj\u0105 o estetyk\u0119 ogrodu przedszkolnego sadz\u0105c kwiaty i zio\u0142a. Dbaj\u0105 o nie i podlewaj\u0105 zbieran\u0105 przez nas deszcz\u00f3wk\u0105. Obserwuj\u0105 zwierz\u0119ta: ptaki gniazduj\u0105ce w budkach l\u0119gowych na terenie ogrodu, owady w ogrodzie, hodowle ryb, patyczak\u00f3w i \u015blimak\u00f3w w przedszkolu. Ucz\u0105 si\u0119 obserwacji przy u\u017cyciu lup i mikroskopu.\u00a0<\/li>\r\n<\/ul>\r\n<p>Dzi\u0119ki staraniom i zaanga\u017cowaniu nauczycieli, dzieci uczestnicz\u0105 w wielu wycieczkach i zaj\u0119ciach edukacyjnych o charakterze ekologicznym z Zoo, Hydropolis, Muzeum Przyrodniczym. S\u0105 anga\u017cowane do udzia\u0142u w r\u00f3\u017cnorodnych konkursach ekologicznych organizowanych na terenie naszej plac\u00f3wki i w innych przedszkolach. <strong>W roku szk. 2018\/2019 dzi\u0119ki zaanga\u017cowaniu w akcj\u0119 Oddech motyla nagrodzono nasz\u0105 plac\u00f3wk\u0119 czujnikiem czysto\u015bci powietrza, dzi\u0119ki czemu mo\u017cemy monitorowa\u0107 stan powietrza na zewn\u0105trz i reagowa\u0107 na bie\u017c\u0105co wychodz\u0105c z dzie\u0107mi do ogrodu lub pozostaj\u0105c w salach.<\/strong><\/p>\r\n<p>Podsumowuj\u0105c nasze wieloletnie dzia\u0142ania ekologiczne dwukrotnie w ci\u0105gu ostatnich lat uda\u0142o nam si\u0119 zdoby\u0107 certyfikat Zielonej Flagi &#8211; mi\u0119dzynarodowy presti\u017cowy tytu\u0142 przyznawany plac\u00f3wkom edukacyjnym na ca\u0142ym \u015bwiecie. Przygotowujemy te\u017c co roku raport z wszystkich dzia\u0142a\u0144 ekologicznych organizowanych w przedszkolu do Przedszkolnej Nagrody Wroc\u0142awia &#8211; od trzech lat zajmujemy pierwsze miejsce w tego typu dzia\u0142alno\u015bci, wcze\u015bniej zdobywali\u015bmy wyr\u00f3\u017cnienia. Naszym g\u0142\u00f3wnym celem w edukacji ekologicznej jest aby dzieci obserwowa\u0142y, do\u015bwiadcza\u0142y, reagowa\u0142y i kszta\u0142towa\u0142y otaczaj\u0105c\u0105 je przestrze\u0144 w spos\u00f3b \u015bwiadomy z dba\u0142o\u015bci\u0105 o otaczaj\u0105c\u0105 natur\u0119, kt\u00f3rej s\u0105 cz\u0119\u015bci\u0105.<\/p>\r\n\r\n<figure class=\"wp-block-gallery columns-3 is-cropped wp-block-gallery-1 is-layout-flex wp-block-gallery-is-layout-flex\">\r\n<ul class=\"blocks-gallery-grid\">\r\n<li class=\"blocks-gallery-item\">\u00a0<\/li>\r\n<li class=\"blocks-gallery-item\">\r\n<figure><img loading=\"lazy\" decoding=\"async\" class=\"wp-image-5207  aligncenter\" src=\"https:\/\/przedszkole5.edu.wroclaw.pl\/wp-content\/uploads\/sites\/28\/2023\/02\/IMG_20220614_071824-225x300.jpg\" alt=\"\" width=\"326\" height=\"435\" data-id=\"1582\" data-link=\"https:\/\/przedszkole5.edu.wroclaw.pl\/?attachment_id=1582\" srcset=\"https:\/\/przedszkole5.edu.wroclaw.pl\/wp-content\/uploads\/sites\/28\/2023\/02\/IMG_20220614_071824-225x300.jpg 225w, https:\/\/przedszkole5.edu.wroclaw.pl\/wp-content\/uploads\/sites\/28\/2023\/02\/IMG_20220614_071824-768x1024.jpg 768w, https:\/\/przedszkole5.edu.wroclaw.pl\/wp-content\/uploads\/sites\/28\/2023\/02\/IMG_20220614_071824-600x800.jpg 600w, https:\/\/przedszkole5.edu.wroclaw.pl\/wp-content\/uploads\/sites\/28\/2023\/02\/IMG_20220614_071824-1152x1536.jpg 1152w, https:\/\/przedszkole5.edu.wroclaw.pl\/wp-content\/uploads\/sites\/28\/2023\/02\/IMG_20220614_071824-1536x2048.jpg 1536w, https:\/\/przedszkole5.edu.wroclaw.pl\/wp-content\/uploads\/sites\/28\/2023\/02\/IMG_20220614_071824-scaled.jpg 1920w\" sizes=\"auto, (max-width: 326px) 100vw, 326px\" \/><\/figure>\r\n<\/li>\r\n<li class=\"blocks-gallery-item\">\r\n<figure><img loading=\"lazy\" decoding=\"async\" class=\"wp-image-1584 aligncenter\" src=\"https:\/\/przedszkole5.edu.wroclaw.pl\/wp-content\/uploads\/sites\/28\/2020\/02\/Screenshot_20200217_180725-663x1024.jpg\" alt=\"\" width=\"556\" height=\"859\" data-id=\"1584\" data-link=\"https:\/\/przedszkole5.edu.wroclaw.pl\/?attachment_id=1584\" srcset=\"https:\/\/przedszkole5.edu.wroclaw.pl\/wp-content\/uploads\/sites\/28\/2020\/02\/Screenshot_20200217_180725-663x1024.jpg 663w, https:\/\/przedszkole5.edu.wroclaw.pl\/wp-content\/uploads\/sites\/28\/2020\/02\/Screenshot_20200217_180725-194x300.jpg 194w, https:\/\/przedszkole5.edu.wroclaw.pl\/wp-content\/uploads\/sites\/28\/2020\/02\/Screenshot_20200217_180725-600x927.jpg 600w, https:\/\/przedszkole5.edu.wroclaw.pl\/wp-content\/uploads\/sites\/28\/2020\/02\/Screenshot_20200217_180725-624x964.jpg 624w, https:\/\/przedszkole5.edu.wroclaw.pl\/wp-content\/uploads\/sites\/28\/2020\/02\/Screenshot_20200217_180725.jpg 697w\" sizes=\"auto, (max-width: 556px) 100vw, 556px\" \/><\/figure>\r\n<\/li>\r\n<li class=\"blocks-gallery-item\">\u00a0<\/li>\r\n<li class=\"blocks-gallery-item\">\u00a0<\/li>\r\n<li class=\"blocks-gallery-item\">\u00a0<\/li>\r\n<li class=\"blocks-gallery-item\">\r\n<figure><img loading=\"lazy\" decoding=\"async\" width=\"1024\" height=\"768\" class=\"wp-image-1591\" src=\"https:\/\/przedszkole5.edu.wroclaw.pl\/wp-content\/uploads\/sites\/28\/2020\/02\/Ekologia-2-1024x768.jpg\" alt=\"\" data-id=\"1591\" data-link=\"https:\/\/przedszkole5.edu.wroclaw.pl\/?attachment_id=1591\" srcset=\"https:\/\/przedszkole5.edu.wroclaw.pl\/wp-content\/uploads\/sites\/28\/2020\/02\/Ekologia-2-1024x768.jpg 1024w, https:\/\/przedszkole5.edu.wroclaw.pl\/wp-content\/uploads\/sites\/28\/2020\/02\/Ekologia-2-300x225.jpg 300w, https:\/\/przedszkole5.edu.wroclaw.pl\/wp-content\/uploads\/sites\/28\/2020\/02\/Ekologia-2-768x576.jpg 768w, https:\/\/przedszkole5.edu.wroclaw.pl\/wp-content\/uploads\/sites\/28\/2020\/02\/Ekologia-2-600x450.jpg 600w, https:\/\/przedszkole5.edu.wroclaw.pl\/wp-content\/uploads\/sites\/28\/2020\/02\/Ekologia-2-1536x1152.jpg 1536w, https:\/\/przedszkole5.edu.wroclaw.pl\/wp-content\/uploads\/sites\/28\/2020\/02\/Ekologia-2-2048x1536.jpg 2048w, https:\/\/przedszkole5.edu.wroclaw.pl\/wp-content\/uploads\/sites\/28\/2020\/02\/Ekologia-2-624x468.jpg 624w\" sizes=\"auto, (max-width: 1024px) 100vw, 1024px\" \/><\/figure>\r\n<\/li>\r\n<li class=\"blocks-gallery-item\">\r\n<figure><img loading=\"lazy\" decoding=\"async\" width=\"768\" height=\"1024\" class=\"wp-image-1592\" src=\"https:\/\/przedszkole5.edu.wroclaw.pl\/wp-content\/uploads\/sites\/28\/2020\/02\/Ekologia-1-2-768x1024.jpg\" alt=\"\" data-id=\"1592\" data-link=\"https:\/\/przedszkole5.edu.wroclaw.pl\/?attachment_id=1592\" srcset=\"https:\/\/przedszkole5.edu.wroclaw.pl\/wp-content\/uploads\/sites\/28\/2020\/02\/Ekologia-1-2-768x1024.jpg 768w, https:\/\/przedszkole5.edu.wroclaw.pl\/wp-content\/uploads\/sites\/28\/2020\/02\/Ekologia-1-2-225x300.jpg 225w, https:\/\/przedszkole5.edu.wroclaw.pl\/wp-content\/uploads\/sites\/28\/2020\/02\/Ekologia-1-2-600x800.jpg 600w, https:\/\/przedszkole5.edu.wroclaw.pl\/wp-content\/uploads\/sites\/28\/2020\/02\/Ekologia-1-2-1152x1536.jpg 1152w, https:\/\/przedszkole5.edu.wroclaw.pl\/wp-content\/uploads\/sites\/28\/2020\/02\/Ekologia-1-2-1536x2048.jpg 1536w, https:\/\/przedszkole5.edu.wroclaw.pl\/wp-content\/uploads\/sites\/28\/2020\/02\/Ekologia-1-2-624x832.jpg 624w, https:\/\/przedszkole5.edu.wroclaw.pl\/wp-content\/uploads\/sites\/28\/2020\/02\/Ekologia-1-2-scaled.jpg 1920w\" sizes=\"auto, (max-width: 768px) 100vw, 768px\" \/><\/figure>\r\n<\/li>\r\n<li class=\"blocks-gallery-item\">\r\n<figure><img loading=\"lazy\" decoding=\"async\" width=\"768\" height=\"1024\" class=\"wp-image-1593\" src=\"https:\/\/przedszkole5.edu.wroclaw.pl\/wp-content\/uploads\/sites\/28\/2020\/02\/IMG_20190517_125915-768x1024.jpg\" alt=\"\" data-id=\"1593\" data-full-url=\"https:\/\/przedszkole5.edu.wroclaw.pl\/wp-content\/uploads\/sites\/28\/2020\/02\/IMG_20190517_125915-scaled.jpg\" data-link=\"https:\/\/przedszkole5.edu.wroclaw.pl\/?attachment_id=1593\" srcset=\"https:\/\/przedszkole5.edu.wroclaw.pl\/wp-content\/uploads\/sites\/28\/2020\/02\/IMG_20190517_125915-768x1024.jpg 768w, https:\/\/przedszkole5.edu.wroclaw.pl\/wp-content\/uploads\/sites\/28\/2020\/02\/IMG_20190517_125915-225x300.jpg 225w, https:\/\/przedszkole5.edu.wroclaw.pl\/wp-content\/uploads\/sites\/28\/2020\/02\/IMG_20190517_125915-600x800.jpg 600w, https:\/\/przedszkole5.edu.wroclaw.pl\/wp-content\/uploads\/sites\/28\/2020\/02\/IMG_20190517_125915-1152x1536.jpg 1152w, https:\/\/przedszkole5.edu.wroclaw.pl\/wp-content\/uploads\/sites\/28\/2020\/02\/IMG_20190517_125915-1536x2048.jpg 1536w, https:\/\/przedszkole5.edu.wroclaw.pl\/wp-content\/uploads\/sites\/28\/2020\/02\/IMG_20190517_125915-624x832.jpg 624w, https:\/\/przedszkole5.edu.wroclaw.pl\/wp-content\/uploads\/sites\/28\/2020\/02\/IMG_20190517_125915-scaled.jpg 1920w\" sizes=\"auto, (max-width: 768px) 100vw, 768px\" \/><\/figure>\r\n<\/li>\r\n<li class=\"blocks-gallery-item\">\r\n<figure><img loading=\"lazy\" decoding=\"async\" width=\"1024\" height=\"768\" class=\"wp-image-1587\" src=\"https:\/\/przedszkole5.edu.wroclaw.pl\/wp-content\/uploads\/sites\/28\/2020\/02\/IMG_20191009_103218-1024x768.jpg\" alt=\"\" data-id=\"1587\" data-link=\"https:\/\/przedszkole5.edu.wroclaw.pl\/?attachment_id=1587\" srcset=\"https:\/\/przedszkole5.edu.wroclaw.pl\/wp-content\/uploads\/sites\/28\/2020\/02\/IMG_20191009_103218-1024x768.jpg 1024w, https:\/\/przedszkole5.edu.wroclaw.pl\/wp-content\/uploads\/sites\/28\/2020\/02\/IMG_20191009_103218-300x225.jpg 300w, https:\/\/przedszkole5.edu.wroclaw.pl\/wp-content\/uploads\/sites\/28\/2020\/02\/IMG_20191009_103218-768x576.jpg 768w, https:\/\/przedszkole5.edu.wroclaw.pl\/wp-content\/uploads\/sites\/28\/2020\/02\/IMG_20191009_103218-600x450.jpg 600w, https:\/\/przedszkole5.edu.wroclaw.pl\/wp-content\/uploads\/sites\/28\/2020\/02\/IMG_20191009_103218-1536x1152.jpg 1536w, https:\/\/przedszkole5.edu.wroclaw.pl\/wp-content\/uploads\/sites\/28\/2020\/02\/IMG_20191009_103218-2048x1536.jpg 2048w, https:\/\/przedszkole5.edu.wroclaw.pl\/wp-content\/uploads\/sites\/28\/2020\/02\/IMG_20191009_103218-624x468.jpg 624w\" sizes=\"auto, (max-width: 1024px) 100vw, 1024px\" \/><\/figure>\r\n<\/li>\r\n<\/ul>\r\n<\/figure>\r\n","protected":false},"excerpt":{"rendered":"<p>Pod\u0105\u017caj\u0105c za trendami edukacji ekologicznej i globalnej oraz w odpowiedzi na zagro\u017cenia dotycz\u0105ce ca\u0142ej planety kszta\u0142tujemy u naszych podopiecznych postawy proekologiczne. Dzieci uczestnicz\u0105 w zaj\u0119ciach dotycz\u0105cych: oszcz\u0119dzania wody i pr\u0105du [&hellip;]<\/p>\n","protected":false},"author":15,"featured_media":0,"parent":0,"menu_order":0,"comment_status":"closed","ping_status":"closed","template":"","meta":{"ngg_post_thumbnail":0,"footnotes":""},"class_list":["post-1487","page","type-page","status-publish","hentry","clearfix"],"_links":{"self":[{"href":"https:\/\/przedszkole5.edu.wroclaw.pl\/index.php\/wp-json\/wp\/v2\/pages\/1487","targetHints":{"allow":["GET"]}}],"collection":[{"href":"https:\/\/przedszkole5.edu.wroclaw.pl\/index.php\/wp-json\/wp\/v2\/pages"}],"about":[{"href":"https:\/\/przedszkole5.edu.wroclaw.pl\/index.php\/wp-json\/wp\/v2\/types\/page"}],"author":[{"embeddable":true,"href":"https:\/\/przedszkole5.edu.wroclaw.pl\/index.php\/wp-json\/wp\/v2\/users\/15"}],"replies":[{"embeddable":true,"href":"https:\/\/przedszkole5.edu.wroclaw.pl\/index.php\/wp-json\/wp\/v2\/comments?post=1487"}],"version-history":[{"count":9,"href":"https:\/\/przedszkole5.edu.wroclaw.pl\/index.php\/wp-json\/wp\/v2\/pages\/1487\/revisions"}],"predecessor-version":[{"id":6745,"href":"https:\/\/przedszkole5.edu.wroclaw.pl\/index.php\/wp-json\/wp\/v2\/pages\/1487\/revisions\/6745"}],"wp:attachment":[{"href":"https:\/\/przedszkole5.edu.wroclaw.pl\/index.php\/wp-json\/wp\/v2\/media?parent=1487"}],"curies":[{"name":"wp","href":"https:\/\/api.w.org\/{rel}","templated":true}]}}