
{"id":1451,"date":"2019-10-30T09:12:08","date_gmt":"2019-10-30T08:12:08","guid":{"rendered":"https:\/\/przedszkole5.edu.wroclaw.pl\/?page_id=1451"},"modified":"2023-07-06T07:44:40","modified_gmt":"2023-07-06T05:44:40","slug":"glowna-2","status":"publish","type":"page","link":"https:\/\/przedszkole5.edu.wroclaw.pl\/","title":{"rendered":"G\u0142\u00f3wna"},"content":{"rendered":"<div class=\"wpb-content-wrapper\"><p>[vc_row row_head_color=&#8221;#575656&#8243;][vc_column text_align=&#8221;center&#8221; offset=&#8221;vc_col-lg-6 vc_col-md-12 vc_col-xs-12&#8243;][vc_column_text]<\/p>\n<h2 style=\"color: #0e470b;font-size: 24px\">Przedszkole nr 5 Wroc\u0142awskie Krasnale<\/h2>\n<p>[\/vc_column_text][vc_column_text]<\/p>\n<p style=\"margin: 0cm 0cm 0.0001pt;background: white none repeat scroll 0% 0%;text-align: left\"><span style=\"color: #333333\">Przedszkole nr 5 Wroc\u0142awskie Krasnale dzia\u0142a od 01 wrze\u015bnia 2014r w budynku, w kt\u00f3rym od 1 pa\u017adziernika 1992r \/przez prawie 22 lata\/ funkcjonowa\u0142 Zesp\u00f3\u0142 \u017b\u0142obkowo-Przedszkolny nr 1 \u201eWroc\u0142awskie Krasnale\u201d. Przedszkole kontynuuje zadania i tradycje poprzedniej plac\u00f3wki. Zdecydowana wi\u0119kszo\u015b\u0107 obecnej kadry to ci sami pracownicy.<\/span><span style=\"color: #262626\"><br \/>\n<\/span><span style=\"color: #333333\">Naszym celem jest wspieranie rodzic\u00f3w w wychowaniu i rozwijaniu potencja\u0142u tkwi\u0105cego w dzieciach oraz dobre przygotowanie dzieci do dalszych etap\u00f3w edukacji (i \u017cycia).<\/span><\/p>\n<p style=\"margin: 0cm 0cm 0.0001pt;background: white none repeat scroll 0% 0%;text-align: left\"><span style=\"color: #333333\">Staramy si\u0119, aby nasze przedszkole by\u0142o miejscem przyjaznym dla dzieci, ich Rodzic\u00f3w i Dziadk\u00f3w, aby dzieci lubi\u0142y tu przychodzi\u0107 i przebywa\u0142y w atmosferze \u017cyczliwo\u015bci. Poprzez organizacj\u0119 r\u00f3\u017cnorodnych zabaw, zaj\u0119\u0107, dzia\u0142a\u0144, imprez i uroczysto\u015bci wspieramy rozw\u00f3j dzieci oraz uatrakcyjniamy ich pobyt w czasie, gdy rodzice pracuj\u0105.<\/span><\/p>\n<p style=\"margin: 0cm 0cm 0.0001pt;background: white none repeat scroll 0% 0%;text-align: left\"><span style=\"color: #333333\">Dla Rodzic\u00f3w chcemy by\u0107 partnerami w wychowywaniu dzieci.<\/span><span style=\"color: #262626\"><br \/>\n<\/span><span style=\"color: #333333\">Dlatego jeste\u015bmy otwarci na Pa\u0144stwa sugestie i propozycje.<\/span><span style=\"color: #262626\"><br \/>\n<\/span><span style=\"color: #333333\">G\u0142owne kierunki zawarte w koncepcji pracy plac\u00f3wki:<\/span><span style=\"color: #262626\"><br \/>\n<\/span><span style=\"color: #333333\">Edukacja prozdrowotna, ekologiczna, regionalna, czytelnicza, elementy edukacji globalnej.<\/span><\/p>\n<p>[\/vc_column_text][\/vc_column][vc_column text_align=&#8221;center&#8221; offset=&#8221;vc_col-lg-6 vc_col-md-12 vc_col-xs-12&#8243;][vc_wp_text]<img loading=\"lazy\" decoding=\"async\" class=\"alignnone wp-image-5601 aligncenter\" src=\"https:\/\/przedszkole5.edu.wroclaw.pl\/wp-content\/uploads\/sites\/28\/2023\/07\/20230609_063149-300x225.jpg\" alt=\"\" width=\"827\" height=\"620\" srcset=\"https:\/\/przedszkole5.edu.wroclaw.pl\/wp-content\/uploads\/sites\/28\/2023\/07\/20230609_063149-300x225.jpg 300w, https:\/\/przedszkole5.edu.wroclaw.pl\/wp-content\/uploads\/sites\/28\/2023\/07\/20230609_063149-1024x768.jpg 1024w, https:\/\/przedszkole5.edu.wroclaw.pl\/wp-content\/uploads\/sites\/28\/2023\/07\/20230609_063149-768x576.jpg 768w, https:\/\/przedszkole5.edu.wroclaw.pl\/wp-content\/uploads\/sites\/28\/2023\/07\/20230609_063149-600x450.jpg 600w, https:\/\/przedszkole5.edu.wroclaw.pl\/wp-content\/uploads\/sites\/28\/2023\/07\/20230609_063149-1536x1152.jpg 1536w, https:\/\/przedszkole5.edu.wroclaw.pl\/wp-content\/uploads\/sites\/28\/2023\/07\/20230609_063149-2048x1536.jpg 2048w\" sizes=\"auto, (max-width: 827px) 100vw, 827px\" \/>[\/vc_wp_text][\/vc_column][\/vc_row][vc_row][vc_column][vc_empty_space][\/vc_column][\/vc_row][vc_row][vc_column width=&#8221;1\/3&#8243;][vc_icon icon_fontawesome=&#8221;fas fa-pizza-slice&#8221; color=&#8221;sandy_brown&#8221; background_style=&#8221;rounded&#8221; size=&#8221;xl&#8221; align=&#8221;center&#8221; link=&#8221;url:%2F%3Fpage_id%3D1502|title:smaczna%20kuchnia&#8221;][vc_column_text]<\/p>\n<h2 style=\"text-align: center\"><a href=\"\/index.php\/smaczna-kuchnia\/\">Smaczna kuchnia<\/a><\/h2>\n<p>[\/vc_column_text][\/vc_column][vc_column width=&#8221;1\/3&#8243;][vc_icon icon_fontawesome=&#8221;fas fa-running&#8221; color=&#8221;sandy_brown&#8221; background_style=&#8221;rounded&#8221; size=&#8221;xl&#8221; align=&#8221;center&#8221; link=&#8221;url:%2F%3Fpage_id%3D1499|title:zajecia%20dodatkowe&#8221;][vc_column_text]<\/p>\n<h2 style=\"text-align: center\"><a href=\"\/?page_id=1499\">Zaj\u0119cia dodatkowe<\/a><\/h2>\n<p>[\/vc_column_text][\/vc_column][vc_column width=&#8221;1\/3&#8243;][vc_icon icon_fontawesome=&#8221;fab fa-pagelines&#8221; color=&#8221;sandy_brown&#8221; background_style=&#8221;rounded&#8221; size=&#8221;xl&#8221; align=&#8221;center&#8221; link=&#8221;url:%2F%3Fpage_id%3D1487|title:ekologia&#8221;][vc_column_text]<\/p>\n<h2 style=\"text-align: center\"><a href=\"\/index.php\/ekologia\/\">Ekologia<\/a><\/h2>\n<p>[\/vc_column_text][\/vc_column][\/vc_row][vc_row][vc_column width=&#8221;1\/2&#8243;][vc_column_text]<a href=\"https:\/\/nprcz.pl\/\"><img loading=\"lazy\" decoding=\"async\" class=\"wp-image-4623 alignright\" src=\"https:\/\/przedszkole5.edu.wroclaw.pl\/wp-content\/uploads\/sites\/28\/2022\/05\/NPRCz.png\" alt=\"logo Narodowy Program Rozwoju Czytelnictwa 2.0\" width=\"343\" height=\"190\" srcset=\"https:\/\/przedszkole5.edu.wroclaw.pl\/wp-content\/uploads\/sites\/28\/2022\/05\/NPRCz.png 880w, https:\/\/przedszkole5.edu.wroclaw.pl\/wp-content\/uploads\/sites\/28\/2022\/05\/NPRCz-300x166.png 300w, https:\/\/przedszkole5.edu.wroclaw.pl\/wp-content\/uploads\/sites\/28\/2022\/05\/NPRCz-768x426.png 768w, https:\/\/przedszkole5.edu.wroclaw.pl\/wp-content\/uploads\/sites\/28\/2022\/05\/NPRCz-600x333.png 600w\" sizes=\"auto, (max-width: 343px) 100vw, 343px\" \/><\/a>[\/vc_column_text][\/vc_column][vc_column width=&#8221;1\/2&#8243; css=&#8221;.vc_custom_1652961116424{margin-top: 20px !important;}&#8221;][vc_column_text]<\/p>\n<h2><span style=\"font-size: 19pt\">Dofinansowany ze \u015brodk\u00f3w Ministra Kultury i Dziedzictwa Narodowego w ramach realizacji Narodowego Programu Rozwoju czytelnictwa 2.0 na lata 2021-2022<\/span><\/h2>\n<p>[\/vc_column_text][\/vc_column][\/vc_row][vc_row][vc_column][vc_empty_space][\/vc_column][\/vc_row][vc_row][vc_column][vc_column_text]<img loading=\"lazy\" decoding=\"async\" class=\" wp-image-4676 aligncenter\" src=\"https:\/\/przedszkole5.edu.wroclaw.pl\/wp-content\/uploads\/sites\/28\/2022\/08\/loga_wspolnie_unicef_wroclaw_-300x100.png\" alt=\"\" width=\"441\" height=\"147\" srcset=\"https:\/\/przedszkole5.edu.wroclaw.pl\/wp-content\/uploads\/sites\/28\/2022\/08\/loga_wspolnie_unicef_wroclaw_-300x100.png 300w, https:\/\/przedszkole5.edu.wroclaw.pl\/wp-content\/uploads\/sites\/28\/2022\/08\/loga_wspolnie_unicef_wroclaw_-1024x342.png 1024w, https:\/\/przedszkole5.edu.wroclaw.pl\/wp-content\/uploads\/sites\/28\/2022\/08\/loga_wspolnie_unicef_wroclaw_-768x256.png 768w, https:\/\/przedszkole5.edu.wroclaw.pl\/wp-content\/uploads\/sites\/28\/2022\/08\/loga_wspolnie_unicef_wroclaw_-600x200.png 600w, https:\/\/przedszkole5.edu.wroclaw.pl\/wp-content\/uploads\/sites\/28\/2022\/08\/loga_wspolnie_unicef_wroclaw_-1536x512.png 1536w, https:\/\/przedszkole5.edu.wroclaw.pl\/wp-content\/uploads\/sites\/28\/2022\/08\/loga_wspolnie_unicef_wroclaw_.png 1772w\" sizes=\"auto, (max-width: 441px) 100vw, 441px\" \/>[\/vc_column_text][\/vc_column][\/vc_row]<\/p>\n<\/div>","protected":false},"excerpt":{"rendered":"<p>[vc_row row_head_color=&#8221;#575656&#8243;][vc_column text_align=&#8221;center&#8221; offset=&#8221;vc_col-lg-6 vc_col-md-12 vc_col-xs-12&#8243;][vc_column_text] Przedszkole nr 5 Wroc\u0142awskie Krasnale [\/vc_column_text][vc_column_text] Przedszkole nr 5 Wroc\u0142awskie Krasnale dzia\u0142a od 01 wrze\u015bnia 2014r w budynku, w kt\u00f3rym od 1 pa\u017adziernika 1992r [&hellip;]<\/p>\n","protected":false},"author":15,"featured_media":0,"parent":0,"menu_order":0,"comment_status":"closed","ping_status":"closed","template":"","meta":{"ngg_post_thumbnail":0,"footnotes":""},"class_list":["post-1451","page","type-page","status-publish","hentry","clearfix"],"_links":{"self":[{"href":"https:\/\/przedszkole5.edu.wroclaw.pl\/index.php\/wp-json\/wp\/v2\/pages\/1451","targetHints":{"allow":["GET"]}}],"collection":[{"href":"https:\/\/przedszkole5.edu.wroclaw.pl\/index.php\/wp-json\/wp\/v2\/pages"}],"about":[{"href":"https:\/\/przedszkole5.edu.wroclaw.pl\/index.php\/wp-json\/wp\/v2\/types\/page"}],"author":[{"embeddable":true,"href":"https:\/\/przedszkole5.edu.wroclaw.pl\/index.php\/wp-json\/wp\/v2\/users\/15"}],"replies":[{"embeddable":true,"href":"https:\/\/przedszkole5.edu.wroclaw.pl\/index.php\/wp-json\/wp\/v2\/comments?post=1451"}],"version-history":[{"count":183,"href":"https:\/\/przedszkole5.edu.wroclaw.pl\/index.php\/wp-json\/wp\/v2\/pages\/1451\/revisions"}],"predecessor-version":[{"id":1911,"href":"https:\/\/przedszkole5.edu.wroclaw.pl\/index.php\/wp-json\/wp\/v2\/pages\/1451\/revisions\/1911"}],"wp:attachment":[{"href":"https:\/\/przedszkole5.edu.wroclaw.pl\/index.php\/wp-json\/wp\/v2\/media?parent=1451"}],"curies":[{"name":"wp","href":"https:\/\/api.w.org\/{rel}","templated":true}]}}