
{"id":120,"date":"2017-03-08T14:38:02","date_gmt":"2017-03-08T13:38:02","guid":{"rendered":"https:\/\/przedszkole5.edu.wroclaw.pl\/?page_id=120"},"modified":"2026-04-24T08:39:43","modified_gmt":"2026-04-24T06:39:43","slug":"oplaty","status":"publish","type":"page","link":"https:\/\/przedszkole5.edu.wroclaw.pl\/index.php\/dla-opiekunow\/oplaty\/","title":{"rendered":"Aktualno\u015bci"},"content":{"rendered":"<div class=\"wpb-content-wrapper\"><p>[vc_row][vc_column][vc_column_text css=&#8221;&#8221;]<img loading=\"lazy\" decoding=\"async\" class=\"aligncenter wp-image-8626 size-large\" src=\"https:\/\/przedszkole5.edu.wroclaw.pl\/wp-content\/uploads\/sites\/28\/2026\/04\/Ekologia-724x1024.jpg\" alt=\"\" width=\"724\" height=\"1024\" srcset=\"https:\/\/przedszkole5.edu.wroclaw.pl\/wp-content\/uploads\/sites\/28\/2026\/04\/Ekologia-724x1024.jpg 724w, https:\/\/przedszkole5.edu.wroclaw.pl\/wp-content\/uploads\/sites\/28\/2026\/04\/Ekologia-212x300.jpg 212w, https:\/\/przedszkole5.edu.wroclaw.pl\/wp-content\/uploads\/sites\/28\/2026\/04\/Ekologia-768x1086.jpg 768w, https:\/\/przedszkole5.edu.wroclaw.pl\/wp-content\/uploads\/sites\/28\/2026\/04\/Ekologia-1086x1536.jpg 1086w, https:\/\/przedszkole5.edu.wroclaw.pl\/wp-content\/uploads\/sites\/28\/2026\/04\/Ekologia.jpg 1414w\" sizes=\"auto, (max-width: 724px) 100vw, 724px\" \/>[\/vc_column_text][vc_column_text css=&#8221;&#8221;]<span style=\"font-family: georgia, palatino;font-size: 14pt\">Szanowni Rodzice!<\/span><\/p>\n<p><span style=\"font-family: georgia, palatino;font-size: 14pt\">Nasze przedszkole otrzyma\u0142o od Firmy <a href=\"https:\/\/www.google.com\/search?q=Nutricia+Polska+Sp.+z+o.o.&amp;client=firefox-b-d&amp;hs=0VQ&amp;sca_esv=43340ab55d5d8314&amp;sxsrf=ANbL-n7mfPGL4l_yE4ynnzOFfDFpJjpnag%3A1776930944726&amp;ei=gNDpaaT9K7uM9u8PkaXXiAo&amp;oq=bebilon+bebiko+jaka+&amp;gs_lp=Egxnd3Mtd2l6LXNlcnAiFGJlYmlsb24gYmViaWtvIGpha2EgKgIIATIFECEYoAEyBRAhGKABMgUQIRifBTIFECEYnwVI_J4BUMMsWLKKAXACeACQAQCYAf4BoAHRGqoBBjIuMTMuNbgBAcgBAPgBAZgCFqAC5huoAhTCAg0QIxieBhjwBRjqAhgnwgIHECMY6gIYJ8ICEBAuGAMYjwEY6gIYtALYAQHCAhAQABgDGI8BGOoCGLQC2AEBwgIKECMYgAQYigUYJ8ICBBAjGCfCAgsQLhiDARixAxiABMICDhAuGIAEGLEDGMcBGNEDwgIIEAAYgAQYsQPCAg4QABiABBiKBRixAxiDAcICCxAAGIAEGLEDGIMBwgIKEC4YgAQYigUYQ8ICDhAuGIAEGIoFGLEDGIMBwgIKEAAYgAQYigUYQ8ICBRAAGIAEwgILEC4YgAQYsQMYgwHCAgYQABgWGB7CAgUQABjvBcICBBAhGBWYAw_xBTSrsQaGOciJugYGCAEQARgKkgcGMy4xMy42oAewgQGyBwYxLjEzLja4B8obwgcIMC42LjEzLjPIB2CACAE&amp;sclient=gws-wiz-serp&amp;mstk=AUtExfAJDOeXf9sIC2Wmz2v0wKtFmgMhl9OKB3RNfnS9m4F5VKzbzTdo3BgY3cVONVzGibQnByuZcvLsgm4QhvwPFnJVsxD8E6pfM_Kb0xQerL37jM1_xEZnvJju-ua6Bpo3AIRsDF1HpIsojQilP4IsicPfzhVkVdiDJelKtKAlTzTXpi53jmsFCKZvzju14rW9B58rHr9uL6tuRysq4DQkrJVZ5EkpfvpT8-yIu27p2cHp1tyg743vR4zksoZ5oXA0fpexLQIQ9uo_JkjSQ7ocjCt4_oVcC9SnEwaduKid7fwg56hH3-EQDHCCoHU96O96Q74ZJeQrnKZPnl7ipQUllRk&amp;csui=3&amp;ved=2ahUKEwiw_rvLwIOUAxUvEhAIHaHZNSQQgK4QegQIARAC\">Nutricia Polska Sp. z o.o.<\/a> zapas napoj\u00f3w \/Bebiko, Bebilon\/ dedykowanych dzieciom. Produkty s\u0105 ca\u0142kowicie <strong>bezp\u0142atne<\/strong>. Napoje b\u0119d\u0105 rozdzielone do szafek dzieci. Prosimy o ich zabranie.<\/span>[\/vc_column_text][vc_column_text css=&#8221;&#8221;]<span style=\"font-family: georgia, palatino;font-size: 14pt\"><strong>KONCERT MUZYCZNY LUBUSKIEGO BIURA KONCERTOWEGO \u201eORFEUSZ\u201d <\/strong><strong>Pt. <\/strong><strong>\u201eMUZYCZNE OPOWIE\u015aCI &#8211; PRZYGODY SINDBADA\u201d <\/strong><strong>DLA DZIECI Z WSZYSTKICH GRUP <\/strong><strong>ODB\u0118DZIE SI\u0118, W PONIEDZIA\u0141EK 27.04.2026r.\u00a0\u00a0\u00a0\u00a0 <\/strong><\/span><\/p>\n<p><span style=\"font-family: georgia, palatino;font-size: 14pt\"><strong>w II turach od\u00a0 godz. 11.00 &#8211; 11.30 (gr.1,2,3)<\/strong><\/span><\/p>\n<p><span style=\"font-family: georgia, palatino;font-size: 14pt\"><strong>\u00a0\u00a0\u00a0\u00a0\u00a0\u00a0\u00a0\u00a0\u00a0\u00a0\u00a0\u00a0\u00a0\u00a0\u00a0\u00a0\u00a0\u00a0\u00a0\u00a0\u00a0\u00a0\u00a0\u00a0\u00a0\u00a0\u00a0\u00a0\u00a0\u00a0\u00a0\u00a0\u00a0\u00a0\u00a0\u00a0\u00a0 12.00 &#8211; 12.30 (gr.4,5,6,7)<\/strong><strong>\u00a0 <\/strong><\/span><\/p>\n<p><span style=\"font-family: georgia, palatino;font-size: 14pt\"><strong>\u00a0<\/strong><em>OP\u0141ATA Z FUNDUSZU RADY RODZIC\u00d3W<\/em><\/span>[\/vc_column_text][vc_column_text css=&#8221;&#8221;]<\/p>\n<p style=\"text-align: center\"><span style=\"font-family: georgia, palatino;font-size: 14pt\"><strong><b>Szanowni Rodzice!<\/b><\/strong><\/span><\/p>\n<p><span style=\"font-family: georgia, palatino;font-size: 14pt\">Zwracamy si\u0119 z uprzejm\u0105 pro\u015bb\u0105, aby po opuszczeniu budynku przedszkola, <strong><b>nie wraca\u0107 z dzieckiem ponownie do \u015brodka lub nie posy\u0142a\u0107 samo dziecko<\/b><\/strong> (np. w celu skorzystania z toalety).\u00a0 Ze wzgl\u0119du na zachowanie bezpiecze\u0144stwa \/z chwil\u0105 odebrania dziecka od nauczyciela, pe\u0142n\u0105 odpowiedzialno\u015b\u0107 prawn\u0105 za jego bezpiecze\u0144stwo przejmuje <strong><b>rodzic lub upowa\u017cniona osoba<\/b><\/strong>\/ i higien\u0119 \/po godz. 16.00 cz\u0119\u015b\u0107 toalet jest ju\u017c posprz\u0105tana i przygotowana do funkcjonowania w dniu nast\u0119pnym\/. Prosimy o przypilnowanie, aby dzieci skorzysta\u0142y z toalety bezpo\u015brednio przed wyj\u015bciem z przedszkola.<\/span><\/p>\n<p><span style=\"font-family: georgia, palatino;font-size: 14pt\"><em>Dzi\u0119kujemy za wyrozumia\u0142o\u015b\u0107 i wsp\u00f3\u0142prac\u0119!<\/em><\/span><em><br \/>\n<\/em>[\/vc_column_text][vc_column_text css=&#8221;&#8221;]<img loading=\"lazy\" decoding=\"async\" class=\"alignnone size-medium wp-image-8532\" src=\"https:\/\/przedszkole5.edu.wroclaw.pl\/wp-content\/uploads\/sites\/28\/2026\/02\/ksef-czerwiec-2024_352x184-300x157.png\" alt=\"\" width=\"300\" height=\"157\" srcset=\"https:\/\/przedszkole5.edu.wroclaw.pl\/wp-content\/uploads\/sites\/28\/2026\/02\/ksef-czerwiec-2024_352x184-300x157.png 300w, https:\/\/przedszkole5.edu.wroclaw.pl\/wp-content\/uploads\/sites\/28\/2026\/02\/ksef-czerwiec-2024_352x184.png 352w\" sizes=\"auto, (max-width: 300px) 100vw, 300px\" \/><\/p>\n<p><span style=\"font-family: georgia, palatino;font-size: 14pt\"><strong>Informacja o sposobie wystawiania faktur od 01.02.2026 dla wszystkich dostawc\u00f3w i us\u0142ugodawc\u00f3w<\/strong><\/span><\/p>\n<p><span style=\"font-family: georgia, palatino;font-size: 14pt\">Prosimy o wystawianie faktur za \u015bwiadczone us\u0142ugi lub dostawy w nast\u0119puj\u0105cy spos\u00f3b:<\/span><\/p>\n<p><span style=\"font-family: georgia, palatino;font-size: 14pt\"><strong>Nabywca:<\/strong> Gmina Wroc\u0142aw<\/span><\/p>\n<p><span style=\"font-family: georgia, palatino;font-size: 14pt\">plac Nowy Targ 1-8, 50-141 Wroc\u0142aw<\/span><\/p>\n<p><span style=\"font-family: georgia, palatino;font-size: 14pt\">NIP 897 13\u00a083\u00a0551<\/span><\/p>\n<p><span style=\"font-family: georgia, palatino;font-size: 14pt\"><strong>Odbiorca:<\/strong><em>\u00a0<\/em>Przedszkole nr 5 Wroc\u0142awskie Krasnale<\/span><\/p>\n<p><span style=\"font-family: georgia, palatino;font-size: 14pt\">Ul. D\u017awirzy\u0144ska 3, 54-320 Wroc\u0142aw<\/span><\/p>\n<p><span style=\"font-family: georgia, palatino;font-size: 14pt\">NIP 894 30 55 361,<\/span><\/p>\n<p><span style=\"font-family: georgia, palatino;font-size: 14pt\">Je\u017celi wystawicie Pa\u0144stwo faktur\u0119 w spos\u00f3b wskazany powy\u017cej (tj. podacie Pa\u0144stwo na\u00a0fakturze dwa numery NIP), faktura trafi z\u00a0KSeF bezpo\u015brednio do\u00a0w\u0142a\u015bciwej jednostki. Je\u017celi na\u00a0fakturze nie b\u0119dzie podanego numeru NIP jednostki, utrudni i\u00a0wyd\u0142u\u017cy to proces przydzielania faktury do\u00a0odpowiedniej jednostki.<\/span>[\/vc_column_text][vc_zigzag][vc_column_text css=&#8221;&#8221;]<span style=\"font-family: georgia, palatino;font-size: 14pt;color: #993366\"><strong><b>PRZERWA WAKACYJNA <\/b><\/strong><strong><b>W PRACY NASZEJ PLAC\u00d3WKI <\/b><\/strong><strong><b>W ROKU <\/b><\/strong><strong><b>2026 <\/b><\/strong><strong><b>PRZYPADA NA MIESI\u0104C <\/b><\/strong><strong><b><span style=\"text-decoration: underline\">LIPIEC<\/span>. <\/b><\/strong><strong><b>PROSIMY RODZIC\u00d3W O ODPOWIEDNIE PLANOWANIE URLOP\u00d3W.<\/b><\/strong>\u00a0<\/span>[\/vc_column_text][vc_zigzag][vc_column_text css=&#8221;&#8221;]<span style=\"font-family: georgia, palatino;font-size: 14pt\"><span style=\"font-family: georgia, palatino\"><img loading=\"lazy\" decoding=\"async\" class=\"alignnone size-medium wp-image-7774\" src=\"https:\/\/przedszkole5.edu.wroclaw.pl\/wp-content\/uploads\/sites\/28\/2025\/09\/strefa_logo-300x104.png\" alt=\"\" width=\"300\" height=\"104\" srcset=\"https:\/\/przedszkole5.edu.wroclaw.pl\/wp-content\/uploads\/sites\/28\/2025\/09\/strefa_logo-300x104.png 300w, https:\/\/przedszkole5.edu.wroclaw.pl\/wp-content\/uploads\/sites\/28\/2025\/09\/strefa_logo.png 500w\" sizes=\"auto, (max-width: 300px) 100vw, 300px\" \/><\/span><\/span><\/p>\n<p><span style=\"font-family: georgia, palatino;font-size: 14pt\"><span style=\"font-family: georgia, palatino\">Mi\u0142o nam poinformowa\u0107 Pa\u0144stwa, \u017ce uda\u0142o nam si\u0119 do\u0142\u0105czy\u0107 do Og\u00f3lnopolskiego Programu ,,POROZUMIENIE BEZ KRZYKU&#8221; W ramach programu\u00a0 wszyscy rodzice b\u0119d\u0105 mogli uzyska\u0107 bezpieczn\u0105 przestrze\u0144 pe\u0142n\u0105 wsparcia w rodzicielstwie.\u00a0 Poni\u017cej za\u0142\u0105czmy link do platformy gdzie cz\u0119\u015b\u0107 materia\u0142\u00f3w dost\u0119pna jest ju\u017c na stronie, a pozosta\u0142e b\u0119d\u0105 sukcesywnie si\u0119 odblokowywa\u0107.\u00a0<\/span><\/span><\/p>\n<p><span style=\"font-family: georgia, palatino;font-size: 14pt\"><a href=\"https:\/\/strefa.porozumieniebezkrzyku.pl\/logowanie.php\">https:\/\/strefa.porozumieniebezkrzyku.pl\/logowanie.php<\/a><\/span><\/p>\n<p><span style=\"font-family: georgia, palatino;font-size: 14pt\">Po kod aktywacyjny zapraszamy do wychowawc\u00f3w grup<\/span><\/p>\n<hr \/>\n<p>[\/vc_column_text][vc_zigzag][vc_column_text css=&#8221;&#8221;]<span style=\"font-family: georgia, palatino;font-size: 18pt\"><strong>SZANOWNI RODZICE!<\/strong><\/span><\/p>\n<p><span style=\"font-family: georgia, palatino;font-size: 18pt\">ZE WZGL\u0118DU NA BEZPIECZE\u0143STWO DZIECI OD GODZ. 14:00 BRAMKA DO OGRODU B\u0118DZIE ZAMKNI\u0118TA. DZIECI PRZEBYWAJACE W TYM CZASIEW OGRODZIE PRZEDSZKOLNYM B\u0118DZIE PRZYPROWADZA\u0141 PRACOWNIK DY\u017bURUJ\u0104CY W HOLU<\/span>[\/vc_column_text][vc_zigzag][vc_column_text]<img loading=\"lazy\" decoding=\"async\" class=\"alignnone wp-image-6395 size-large\" src=\"https:\/\/przedszkole5.edu.wroclaw.pl\/wp-content\/uploads\/sites\/28\/2024\/02\/ogloszenie-na-strone-1-1-1024x724.jpg\" alt=\"\" width=\"1024\" height=\"724\" srcset=\"https:\/\/przedszkole5.edu.wroclaw.pl\/wp-content\/uploads\/sites\/28\/2024\/02\/ogloszenie-na-strone-1-1-1024x724.jpg 1024w, https:\/\/przedszkole5.edu.wroclaw.pl\/wp-content\/uploads\/sites\/28\/2024\/02\/ogloszenie-na-strone-1-1-300x212.jpg 300w, https:\/\/przedszkole5.edu.wroclaw.pl\/wp-content\/uploads\/sites\/28\/2024\/02\/ogloszenie-na-strone-1-1-768x543.jpg 768w, https:\/\/przedszkole5.edu.wroclaw.pl\/wp-content\/uploads\/sites\/28\/2024\/02\/ogloszenie-na-strone-1-1-1536x1086.jpg 1536w, https:\/\/przedszkole5.edu.wroclaw.pl\/wp-content\/uploads\/sites\/28\/2024\/02\/ogloszenie-na-strone-1-1-2048x1448.jpg 2048w\" sizes=\"auto, (max-width: 1024px) 100vw, 1024px\" \/>[\/vc_column_text][\/vc_column][\/vc_row][vc_column][\/vc_column]<\/p>\n<\/div>","protected":false},"excerpt":{"rendered":"<p>[vc_row][vc_column][vc_column_text css=&#8221;&#8221;][\/vc_column_text][vc_column_text css=&#8221;&#8221;]Szanowni Rodzice! Nasze przedszkole otrzyma\u0142o od Firmy Nutricia Polska Sp. z o.o. zapas napoj\u00f3w \/Bebiko, Bebilon\/ dedykowanych dzieciom. Produkty s\u0105 ca\u0142kowicie bezp\u0142atne. Napoje b\u0119d\u0105 rozdzielone do szafek dzieci. [&hellip;]<\/p>\n","protected":false},"author":15,"featured_media":0,"parent":33,"menu_order":0,"comment_status":"closed","ping_status":"closed","template":"","meta":{"ngg_post_thumbnail":0,"footnotes":""},"class_list":["post-120","page","type-page","status-publish","hentry","clearfix"],"_links":{"self":[{"href":"https:\/\/przedszkole5.edu.wroclaw.pl\/index.php\/wp-json\/wp\/v2\/pages\/120","targetHints":{"allow":["GET"]}}],"collection":[{"href":"https:\/\/przedszkole5.edu.wroclaw.pl\/index.php\/wp-json\/wp\/v2\/pages"}],"about":[{"href":"https:\/\/przedszkole5.edu.wroclaw.pl\/index.php\/wp-json\/wp\/v2\/types\/page"}],"author":[{"embeddable":true,"href":"https:\/\/przedszkole5.edu.wroclaw.pl\/index.php\/wp-json\/wp\/v2\/users\/15"}],"replies":[{"embeddable":true,"href":"https:\/\/przedszkole5.edu.wroclaw.pl\/index.php\/wp-json\/wp\/v2\/comments?post=120"}],"version-history":[{"count":638,"href":"https:\/\/przedszkole5.edu.wroclaw.pl\/index.php\/wp-json\/wp\/v2\/pages\/120\/revisions"}],"predecessor-version":[{"id":8629,"href":"https:\/\/przedszkole5.edu.wroclaw.pl\/index.php\/wp-json\/wp\/v2\/pages\/120\/revisions\/8629"}],"up":[{"embeddable":true,"href":"https:\/\/przedszkole5.edu.wroclaw.pl\/index.php\/wp-json\/wp\/v2\/pages\/33"}],"wp:attachment":[{"href":"https:\/\/przedszkole5.edu.wroclaw.pl\/index.php\/wp-json\/wp\/v2\/media?parent=120"}],"curies":[{"name":"wp","href":"https:\/\/api.w.org\/{rel}","templated":true}]}}